{"id":1151,"date":"2026-04-17T00:34:58","date_gmt":"2026-04-16T23:34:58","guid":{"rendered":"https:\/\/mardeardora.net\/?page_id=1151"},"modified":"2026-04-17T12:59:29","modified_gmt":"2026-04-17T11:59:29","slug":"que-es-el-mar-de-ardora","status":"publish","type":"page","link":"https:\/\/mardeardora.net\/gl\/guia-mar-de-ardora-galicia\/que-es-el-mar-de-ardora\/","title":{"rendered":"\u00bfQu\u00e9 es el Mar de Ardora?"},"content":{"rendered":"<div class=\"et_pb_section_0 et_pb_section et_section_regular et_flex_section preset--module--divi-section--default\">\n<div class=\"et_pb_row_0 et_pb_row et_flex_row\">\n<div class=\"et_pb_column_0 et_pb_column et-last-child et_flex_column et_pb_css_mix_blend_mode_passthrough et_flex_column_24_24\">\n<div class=\"et_pb_heading_0 et_pb_heading et_pb_module et_flex_module\"><div class=\"et_pb_heading_container\"><h1 class=\"et_pb_module_header\">\u00bfQu\u00e9 es el Mar de Ardora?<\/h1><\/div><\/div>\n<\/div>\n<\/div>\n<\/div>\n\n<div class=\"et_pb_section_1 et_pb_section et_section_regular et_flex_section preset--module--divi-section--default\">\n<div class=\"et_pb_row_1 et_pb_row et_flex_row\">\n<div class=\"et_pb_column_1 et_pb_column et-last-child et_flex_column et_pb_css_mix_blend_mode_passthrough et_flex_column_24_24\">\n<div class=\"et_pb_text_0 et_pb_text et_pb_bg_layout_light et_pb_module et_flex_module\"><div class=\"et_pb_text_inner\"><div id=\"ez-toc-container\" class=\"ez-toc-v2_0_82_2 ez-toc-wrap-center counter-flat ez-toc-counter ez-toc-custom ez-toc-container-direction\">\n<div class=\"ez-toc-title-container\">\n<label class=\"ez-toc-title\" style=\"cursor:inherit\"><\/label>\n<span class=\"ez-toc-title-toggle\"><\/span><\/div>\n<nav><ul class='ez-toc-list ez-toc-list-level-1 ez-toc-columns-4' ><li class='ez-toc-page-1'><a class=\"ez-toc-link ez-toc-heading-1\" href=\"https:\/\/mardeardora.net\/gl\/guia-mar-de-ardora-galicia\/que-es-el-mar-de-ardora\/#Introduccion\" >Introducci\u00f3n<\/a><\/li><li class='ez-toc-page-1'><a class=\"ez-toc-link ez-toc-heading-2\" href=\"https:\/\/mardeardora.net\/gl\/guia-mar-de-ardora-galicia\/que-es-el-mar-de-ardora\/#%C2%BFQue_es_exactamente_el_Mar_de_Ardora\" >\u00bfQu\u00e9 es exactamente el Mar de Ardora?<\/a><\/li><li class='ez-toc-page-1'><a class=\"ez-toc-link ez-toc-heading-3\" href=\"https:\/\/mardeardora.net\/gl\/guia-mar-de-ardora-galicia\/que-es-el-mar-de-ardora\/#%C2%BFPor_que_el_mar_parece_iluminarse\" >\u00bfPor qu\u00e9 el mar parece iluminarse?<\/a><\/li><li class='ez-toc-page-1'><a class=\"ez-toc-link ez-toc-heading-4\" href=\"https:\/\/mardeardora.net\/gl\/guia-mar-de-ardora-galicia\/que-es-el-mar-de-ardora\/#%C2%BFComo_se_manifiesta_en_la_costa\" >\u00bfC\u00f3mo se manifiesta en la costa?<\/a><\/li><li class='ez-toc-page-1'><a class=\"ez-toc-link ez-toc-heading-5\" href=\"https:\/\/mardeardora.net\/gl\/guia-mar-de-ardora-galicia\/que-es-el-mar-de-ardora\/#No_siempre_se_ve_igual\" >No siempre se ve igual<\/a><\/li><li class='ez-toc-page-1'><a class=\"ez-toc-link ez-toc-heading-6\" href=\"https:\/\/mardeardora.net\/gl\/guia-mar-de-ardora-galicia\/que-es-el-mar-de-ardora\/#Comprenderlo_cambia_por_completo_la_experiencia\" >Comprenderlo cambia por completo la experiencia<\/a><\/li><\/ul><\/nav><\/div>\n<h2 data-section-id=\"1ktep9c\" data-start=\"1017\" data-end=\"1048\" style=\"text-align: center;\"><span class=\"ez-toc-section\" id=\"Introduccion\"><\/span><span role=\"text\" style=\"color: #ffffff;\"><strong data-start=\"1019\" data-end=\"1048\">Introducci\u00f3n<\/strong><\/span><span class=\"ez-toc-section-end\"><\/span><\/h2>\n<p data-start=\"1863\" data-end=\"2154\" style=\"text-align: center;\"><span style=\"color: #ffffff;\">O <strong data-start=\"1866\" data-end=\"1883\">Mar de Ardora<\/strong> es uno de los fen\u00f3menos naturales m\u00e1s fascinantes que pueden observarse en la costa gallega.<\/span><br data-start=\"1976\" data-end=\"1979\" \/><span style=\"color: #ffffff;\">Durante determinadas noches, el mar parece encenderse con destellos de luz azulada o verdosa cada vez que una ola rompe, el agua se agita o alguien entra en contacto con ella.<\/span><\/p>\n<p data-start=\"2156\" data-end=\"2373\" style=\"text-align: center;\"><span style=\"color: #ffffff;\">A simple vista puede parecer algo casi irreal, pero en realidad se trata de un fen\u00f3meno natural con base biol\u00f3gica: una forma de <strong data-start=\"2285\" data-end=\"2312\">bioluminiscencia marina<\/strong> producida por organismos microsc\u00f3picos presentes en el agua.<\/span><\/p>\n<p data-start=\"2375\" data-end=\"2610\" style=\"text-align: center;\"><span style=\"color: #ffffff;\">Aunque hoy en d\u00eda muchas personas lo descubren a trav\u00e9s de v\u00eddeos en redes sociales, el Mar de Ardora es mucho m\u00e1s que una imagen impactante.<\/span><br data-start=\"2516\" data-end=\"2519\" \/><span style=\"color: #ffffff;\">Entender qu\u00e9 es realmente y c\u00f3mo se manifiesta es el primer paso para apreciarlo de verdad.<\/span><\/p>\n<\/div><\/div>\n<\/div>\n<\/div>\n<\/div>\n\n<div class=\"et_pb_section_2 et_pb_section et_section_regular et_flex_section preset--module--divi-section--default\">\n<div class=\"et_pb_row_2 et_pb_row et_flex_row\">\n<div class=\"et_pb_column_2 et_pb_column et-last-child et_flex_column et_pb_css_mix_blend_mode_passthrough et_flex_column_24_24\">\n<div class=\"et_pb_video_0 et_pb_video et_pb_module et_flex_module\"><div class=\"et_pb_video_box\"><iframe loading=\"lazy\" title=\"Mar de Ardora y Puesta de Luna en Galicia \ud83c\udf19\u2728 (Carnota) | REAL\" width=\"1080\" height=\"608\" src=\"https:\/\/www.youtube.com\/embed\/6jOHSD_srLg?feature=oembed\"  allow=\"accelerometer; autoplay; clipboard-write; encrypted-media; gyroscope; picture-in-picture; web-share\" referrerpolicy=\"strict-origin-when-cross-origin\" allowfullscreen><\/iframe><\/div><\/div>\n<\/div>\n<\/div>\n<\/div>\n\n<div class=\"et_pb_section_3 et_pb_section et_section_regular et_flex_section preset--module--divi-section--default\">\n<div class=\"et_pb_row_3 et_pb_row et_flex_row\">\n<div class=\"et_pb_column_3 et_pb_column et-last-child et_flex_column et_pb_css_mix_blend_mode_passthrough et_flex_column_24_24\">\n<div class=\"et_pb_text_1 et_pb_text et_pb_bg_layout_light et_pb_module et_flex_module\"><div class=\"et_pb_text_inner\"><h2 data-section-id=\"z28k2l\" data-start=\"2631\" data-end=\"2674\" style=\"text-align: center;\"><span class=\"ez-toc-section\" id=\"%C2%BFQue_es_exactamente_el_Mar_de_Ardora\"><\/span><span role=\"text\" style=\"color: #ffffff;\"><strong data-start=\"2633\" data-end=\"2674\">\u00bfQu\u00e9 es exactamente el Mar de Ardora?<\/strong><\/span><span class=\"ez-toc-section-end\"><\/span><\/h2>\n<p data-start=\"2703\" data-end=\"2859\" style=\"text-align: center;\"><span style=\"color: #ffffff;\">El Mar de Ardora es una manifestaci\u00f3n visible de la <strong data-start=\"2755\" data-end=\"2782\">bioluminiscencia marina<\/strong>, un fen\u00f3meno por el cual ciertos organismos vivos son capaces de emitir luz.<\/span><\/p>\n<p data-start=\"2861\" data-end=\"3048\" style=\"text-align: center;\"><span style=\"color: #ffffff;\">En este caso, esa luz aparece en el agua del mar cuando determinadas formas microsc\u00f3picas de vida reaccionan al movimiento, generando un brillo que puede hacerse visible durante la noche.<\/span><\/p>\n<p data-start=\"3050\" data-end=\"3224\" style=\"text-align: center;\"><span style=\"color: #ffffff;\">El resultado puede ir desde peque\u00f1os destellos en la orilla hasta episodios mucho m\u00e1s intensos en los que el mar parece iluminarse con cada ola, cada paso o cada salpicadura.<\/span><\/p>\n<p data-start=\"3226\" data-end=\"3402\" style=\"text-align: center;\"><span style=\"color: #ffffff;\">No se trata de un \u201cefecto \u00f3ptico\u201d, ni de contaminaci\u00f3n, ni de edici\u00f3n de v\u00eddeo: es un fen\u00f3meno real, natural y perfectamente observable cuando se dan las condiciones adecuadas.<\/span><\/p>\n<\/div><\/div>\n<\/div>\n<\/div>\n<\/div>\n\n<div class=\"et_pb_section_4 et_pb_section et_section_regular et_flex_section preset--module--divi-section--default\">\n<div class=\"et_pb_row_4 et_pb_row et_flex_row\">\n<div class=\"et_pb_column_4 et_pb_column et-last-child et_flex_column et_pb_css_mix_blend_mode_passthrough et_flex_column_24_24\">\n<div class=\"et_pb_text_2 et_pb_text et_pb_bg_layout_light et_pb_module et_flex_module\"><div class=\"et_pb_text_inner\"><h2 data-section-id=\"4kui0e\" data-start=\"3423\" data-end=\"3463\" style=\"text-align: center;\"><span class=\"ez-toc-section\" id=\"%C2%BFPor_que_el_mar_parece_iluminarse\"><\/span><span role=\"text\" style=\"color: #ffffff;\"><strong data-start=\"3425\" data-end=\"3463\">\u00bfPor qu\u00e9 el mar parece iluminarse?<\/strong><\/span><span class=\"ez-toc-section-end\"><\/span><\/h2>\n<p data-start=\"3492\" data-end=\"3623\" style=\"text-align: center;\"><span style=\"color: #ffffff;\">Lo que vemos como \u201cardora\u201d no es el agua brillando por s\u00ed sola, sino la respuesta luminosa de ciertos organismos presentes en ella.<\/span><\/p>\n<p data-start=\"3625\" data-end=\"3799\" style=\"text-align: center;\"><span style=\"color: #ffffff;\">Cuando el mar se agita \u2014por el oleaje, el viento, el movimiento de una persona o cualquier otra perturbaci\u00f3n\u2014 estos organismos reaccionan emitiendo peque\u00f1os destellos de luz.<\/span><\/p>\n<p data-start=\"3801\" data-end=\"3956\" style=\"text-align: center;\"><span style=\"color: #ffffff;\">Esa reacci\u00f3n es lo que da lugar a las escenas m\u00e1s conocidas del Mar de Ardora: olas encendidas, huellas luminosas en la orilla o estelas de luz en el agua.<\/span><\/p>\n<p data-start=\"3958\" data-end=\"4028\" style=\"text-align: center;\"><span style=\"color: #ffffff;\">Lo que a simple vista parece magia, en realidad es biolog\u00eda en acci\u00f3n.<\/span><\/p>\n<\/div><\/div>\n<\/div>\n<\/div>\n<\/div>\n\n<div class=\"et_pb_section_5 et_pb_section et_section_regular et_flex_section preset--module--divi-section--default\">\n<div class=\"et_pb_row_5 et_pb_row et_flex_row\">\n<div class=\"et_pb_column_5 et_pb_column et-last-child et_flex_column et_pb_css_mix_blend_mode_passthrough et_flex_column_24_24\">\n<div class=\"et_pb_text_3 et_pb_text et_pb_bg_layout_light et_pb_module et_flex_module\"><div class=\"et_pb_text_inner\"><h2 data-section-id=\"1l503ux\" data-start=\"4049\" data-end=\"4087\" style=\"text-align: center;\"><span class=\"ez-toc-section\" id=\"%C2%BFComo_se_manifiesta_en_la_costa\"><\/span><span role=\"text\" style=\"color: #ffffff;\"><strong data-start=\"4051\" data-end=\"4087\">\u00bfC\u00f3mo se manifiesta en la costa?<\/strong><\/span><span class=\"ez-toc-section-end\"><\/span><\/h2>\n<p data-start=\"4116\" data-end=\"4331\" style=\"text-align: center;\"><span style=\"color: #ffffff;\">El Mar de Ardora no siempre se presenta de la misma manera.<\/span><br data-start=\"4175\" data-end=\"4178\" \/><span style=\"color: #ffffff;\">En algunas ocasiones apenas se percibe como un brillo sutil en la orilla, mientras que en otras puede aparecer de forma mucho m\u00e1s intensa y espectacular.<\/span><\/p>\n<p data-start=\"4333\" data-end=\"4507\" style=\"text-align: center;\"><span style=\"color: #ffffff;\">A veces se manifiesta en la l\u00ednea de rompiente, otras en la espuma de las olas, en el agua removida por los pies o incluso alrededor de embarcaciones y objetos en movimiento.<\/span><\/p>\n<p data-start=\"4509\" data-end=\"4604\" style=\"text-align: center;\"><span style=\"color: #ffffff;\">Su aspecto depende de muchos factores, por lo que cada episodio puede ser distinto al anterior.<\/span><\/p>\n<p data-start=\"4606\" data-end=\"4737\" style=\"text-align: center;\"><span style=\"color: #ffffff;\">Y precisamente por eso, verlo en persona suele ser muy diferente a lo que transmiten las im\u00e1genes o v\u00eddeos compartidos en internet.<\/span><\/p>\n<\/div><\/div>\n<\/div>\n<\/div>\n<\/div>\n\n<div class=\"et_pb_section_6 et_pb_section et_section_regular et_flex_section preset--module--divi-section--default\">\n<div class=\"et_pb_row_6 et_pb_row et_flex_row\">\n<div class=\"et_pb_column_6 et_pb_column et-last-child et_flex_column et_pb_css_mix_blend_mode_passthrough et_flex_column_24_24\">\n<div class=\"et_pb_image_0 et_pb_image et_pb_module et_flex_module\"><span class=\"et_pb_image_wrap\"><img decoding=\"async\" src=\"https:\/\/mardeardora.net\/wp-content\/uploads\/2026\/04\/DSC2843-Mejorado-NR.jpg\" title=\"mar-de-ardora-ermida-corme-costa-da-morte-galicia\" width=\"2560\" height=\"2184\" srcset=\"https:\/\/mardeardora.net\/wp-content\/uploads\/2026\/04\/DSC2843-Mejorado-NR.jpg 2560w, https:\/\/mardeardora.net\/wp-content\/uploads\/2026\/04\/DSC2843-Mejorado-NR-1280x1092.jpg 1280w, https:\/\/mardeardora.net\/wp-content\/uploads\/2026\/04\/DSC2843-Mejorado-NR-980x836.jpg 980w, https:\/\/mardeardora.net\/wp-content\/uploads\/2026\/04\/DSC2843-Mejorado-NR-480x410.jpg 480w\" sizes=\"(min-width: 0px) and (max-width: 480px) 480px, (min-width: 481px) and (max-width: 980px) 980px, (min-width: 981px) and (max-width: 1280px) 1280px, (min-width: 1281px) 2560px, 100vw\" class=\"wp-image-1447\" \/><\/span><\/div>\n<\/div>\n<\/div>\n<\/div>\n\n<div class=\"et_pb_section_7 et_pb_section et_section_regular et_flex_section preset--module--divi-section--default\">\n<div class=\"et_pb_row_7 et_pb_row et_flex_row\">\n<div class=\"et_pb_column_7 et_pb_column et-last-child et_flex_column et_pb_css_mix_blend_mode_passthrough et_flex_column_24_24\">\n<div class=\"et_pb_text_4 et_pb_text et_pb_bg_layout_light et_pb_module et_flex_module\"><div class=\"et_pb_text_inner\"><h2 data-section-id=\"16f628x\" data-start=\"4758\" data-end=\"4786\" style=\"text-align: center;\"><span class=\"ez-toc-section\" id=\"No_siempre_se_ve_igual\"><\/span><span role=\"text\" style=\"color: #ffffff;\"><strong data-start=\"4760\" data-end=\"4786\">No siempre se ve igual<\/strong><\/span><span class=\"ez-toc-section-end\"><\/span><\/h2>\n<p data-start=\"4815\" data-end=\"4913\" style=\"text-align: center;\"><span style=\"color: #ffffff;\">Una de las claves para entender el Mar de Ardora es asumir que no existe una \u00fanica forma de verlo.<\/span><\/p>\n<p data-start=\"4915\" data-end=\"5139\" style=\"text-align: center;\"><span style=\"color: #ffffff;\">No todos los episodios tienen la misma intensidad, el mismo color, el mismo comportamiento ni la misma duraci\u00f3n.<\/span><br data-start=\"5027\" data-end=\"5030\" \/><span style=\"color: #ffffff;\">Hay noches en las que apenas se insin\u00faa y otras en las que el mar parece responder con luz a cada movimiento.<\/span><\/p>\n<p data-start=\"5141\" data-end=\"5314\" style=\"text-align: center;\"><span style=\"color: #ffffff;\">Esa variabilidad forma parte del propio fen\u00f3meno y est\u00e1 directamente relacionada con el tipo de episodio biol\u00f3gico que se est\u00e9 produciendo y con las condiciones del entorno.<\/span><\/p>\n<p data-start=\"5316\" data-end=\"5425\" style=\"text-align: center;\"><span style=\"color: #ffffff;\">Por eso, intentar entender el Mar de Ardora como algo fijo o uniforme lleva casi siempre a interpretarlo mal.<\/span><\/p>\n<\/div><\/div>\n<\/div>\n<\/div>\n<\/div>\n\n<div class=\"et_pb_section_8 et_pb_section et_section_regular et_flex_section preset--module--divi-section--default\">\n<div class=\"et_pb_row_8 et_pb_row et_flex_row\">\n<div class=\"et_pb_column_8 et_pb_column et-last-child et_flex_column et_pb_css_mix_blend_mode_passthrough et_flex_column_24_24\">\n<div class=\"et_pb_text_5 et_pb_text et_pb_bg_layout_light et_pb_module et_flex_module\"><div class=\"et_pb_text_inner\"><h2 data-section-id=\"1ctjs97\" data-start=\"6104\" data-end=\"6157\" style=\"text-align: center;\"><span class=\"ez-toc-section\" id=\"Comprenderlo_cambia_por_completo_la_experiencia\"><\/span><span role=\"text\" style=\"color: #ffffff;\"><strong data-start=\"6106\" data-end=\"6157\">Comprenderlo cambia por completo la experiencia<\/strong><\/span><span class=\"ez-toc-section-end\"><\/span><\/h2>\n<p data-start=\"6186\" data-end=\"6330\" style=\"text-align: center;\"><span style=\"color: #ffffff;\">Ver el Mar de Ardora impresiona.<\/span><br data-start=\"6218\" data-end=\"6221\" \/><span style=\"color: #ffffff;\">Pero entender qu\u00e9 es, por qu\u00e9 ocurre y c\u00f3mo se manifiesta lo convierte en una experiencia mucho m\u00e1s profunda.<\/span><\/p>\n<p data-start=\"6332\" data-end=\"6449\" style=\"text-align: center;\"><span style=\"color: #ffffff;\">Porque deja de ser solo una imagen bonita o un v\u00eddeo viral, y pasa a ser una forma de observar el mar con otros ojos.<\/span><\/p>\n<p data-start=\"6451\" data-end=\"6501\" style=\"text-align: center;\"><span style=\"color: #ffffff;\">Y cuanto m\u00e1s se comprende, m\u00e1s fascinante resulta.<\/span><\/p>\n<\/div><\/div>\n<\/div>\n<\/div>\n<\/div>\n\n<div class=\"et_pb_section_9 et_pb_section et_section_regular et_flex_section preset--module--divi-section--default\">\n<div class=\"et_pb_row_9 et_pb_row et_flex_row\">\n<div class=\"et_pb_column_9 et_pb_column et_flex_column et_pb_css_mix_blend_mode_passthrough et_flex_column_8_24 et_flex_column_24_24_phone et_flex_column_24_24_phoneWide\">\n<div class=\"et_pb_module et_pb_button_module_wrapper et_pb_button_0_wrapper\"><a class=\"et_pb_button_0 et_pb_button et_pb_bg_layout_light et_pb_module et_flex_module\" href=\"https:\/\/mardeardora.net\/gl\/guia-mar-de-ardora-galicia\/cuando-ocurre-el-mar-de-ardora\/\">Cu\u00e1ndo ocurre el Mar de Ardora<\/a><\/div>\n<\/div>\n\n<div class=\"et_pb_column_10 et_pb_column et_flex_column et_pb_css_mix_blend_mode_passthrough et_flex_column_8_24 et_flex_column_24_24_phone et_flex_column_24_24_phoneWide\">\n<div class=\"et_pb_module et_pb_button_module_wrapper et_pb_button_1_wrapper\"><a class=\"et_pb_button_1 et_pb_button et_pb_bg_layout_light et_pb_module et_flex_module\" href=\"https:\/\/mardeardora.net\/gl\/guia-mar-de-ardora-galicia\/donde-ver-mar-de-ardora-galicia\/\">D\u00f3nde ocurre en Galicia<\/a><\/div>\n<\/div>\n\n<div class=\"et_pb_column_11 et_pb_column et-last-child et_flex_column et_pb_css_mix_blend_mode_passthrough et_flex_column_8_24 et_flex_column_24_24_phone et_flex_column_24_24_phoneWide\">\n<div class=\"et_pb_module et_pb_button_module_wrapper et_pb_button_2_wrapper\"><a class=\"et_pb_button_2 et_pb_button et_pb_bg_layout_light et_pb_module et_flex_module\" href=\"https:\/\/mardeardora.net\/gl\/guia-mar-de-ardora-galicia\/tipos-de-mar-de-ardora\/\">Tipos de Mar de Ardora<\/a><\/div>\n<\/div>\n<\/div>\n\n<div class=\"et_pb_row_10 et_pb_row et_flex_row\">\n<div class=\"et_pb_column_12 et_pb_column et-last-child et_flex_column et_pb_css_mix_blend_mode_passthrough et_flex_column_24_24\">\n<div class=\"et_pb_module et_pb_button_module_wrapper et_pb_button_3_wrapper\"><a class=\"et_pb_button_3 et_pb_button et_pb_bg_layout_light et_pb_module et_flex_module\" href=\"https:\/\/mardeardora.net\/gl\/comunidad\/\">\u00danete a la comunidad<\/a><\/div>\n<\/div>\n<\/div>\n<\/div>\n\n<div class=\"et_pb_section_10 et_pb_section et_section_regular et_flex_section preset--module--divi-section--default\">\n<div class=\"et_pb_row_11 et_pb_row et_flex_row\">\n<div class=\"et_pb_column_13 et_pb_column et-last-child et_flex_column et_pb_css_mix_blend_mode_passthrough et_flex_column_24_24\">\n<div class=\"et_pb_module et_pb_button_module_wrapper et_pb_button_4_wrapper\"><a class=\"et_pb_button_4 et_pb_button et_pb_bg_layout_light et_pb_module et_flex_module\" href=\"https:\/\/mardeardora.net\/gl\/guia-mar-de-ardora-galicia\/\">Volver a la Gu\u00eda del Mar de Ardora<\/a><\/div>\n<\/div>\n<\/div>\n<\/div>","protected":false},"excerpt":{"rendered":"","protected":false},"author":1,"featured_media":0,"parent":1137,"menu_order":1,"comment_status":"closed","ping_status":"closed","template":"","meta":{"footnotes":""},"class_list":["post-1151","page","type-page","status-publish","hentry"],"_hostinger_reach_plugin_has_subscription_block":false,"_hostinger_reach_plugin_is_elementor":false,"_links":{"self":[{"href":"https:\/\/mardeardora.net\/gl\/wp-json\/wp\/v2\/pages\/1151","targetHints":{"allow":["GET"]}}],"collection":[{"href":"https:\/\/mardeardora.net\/gl\/wp-json\/wp\/v2\/pages"}],"about":[{"href":"https:\/\/mardeardora.net\/gl\/wp-json\/wp\/v2\/types\/page"}],"author":[{"embeddable":true,"href":"https:\/\/mardeardora.net\/gl\/wp-json\/wp\/v2\/users\/1"}],"replies":[{"embeddable":true,"href":"https:\/\/mardeardora.net\/gl\/wp-json\/wp\/v2\/comments?post=1151"}],"version-history":[{"count":17,"href":"https:\/\/mardeardora.net\/gl\/wp-json\/wp\/v2\/pages\/1151\/revisions"}],"predecessor-version":[{"id":1466,"href":"https:\/\/mardeardora.net\/gl\/wp-json\/wp\/v2\/pages\/1151\/revisions\/1466"}],"up":[{"embeddable":true,"href":"https:\/\/mardeardora.net\/gl\/wp-json\/wp\/v2\/pages\/1137"}],"wp:attachment":[{"href":"https:\/\/mardeardora.net\/gl\/wp-json\/wp\/v2\/media?parent=1151"}],"curies":[{"name":"wp","href":"https:\/\/api.w.org\/{rel}","templated":true}]}}