{"id":1157,"date":"2026-04-17T01:39:03","date_gmt":"2026-04-17T00:39:03","guid":{"rendered":"https:\/\/mardeardora.net\/?page_id=1157"},"modified":"2026-04-17T13:06:05","modified_gmt":"2026-04-17T12:06:05","slug":"por-que-ocurre-el-mar-de-ardora","status":"publish","type":"page","link":"https:\/\/mardeardora.net\/gl\/guia-mar-de-ardora-galicia\/por-que-ocurre-el-mar-de-ardora\/","title":{"rendered":"\u00bfPor qu\u00e9 ocurre el Mar de Ardora?"},"content":{"rendered":"<div class=\"et_pb_section_0 et_pb_section et_section_regular et_flex_section preset--module--divi-section--default\">\n<div class=\"et_pb_row_0 et_pb_row et_flex_row\">\n<div class=\"et_pb_column_0 et_pb_column et-last-child et_flex_column et_pb_css_mix_blend_mode_passthrough et_flex_column_24_24\">\n<div class=\"et_pb_heading_0 et_pb_heading et_pb_module et_flex_module\"><div class=\"et_pb_heading_container\"><h1 class=\"et_pb_module_header\">\u00bfPor qu\u00e9 ocurre el Mar de Ardora?<\/h1><\/div><\/div>\n<\/div>\n<\/div>\n<\/div>\n\n<div class=\"et_pb_section_1 et_pb_section et_section_regular et_flex_section preset--module--divi-section--default\">\n<div class=\"et_pb_row_1 et_pb_row et_flex_row\">\n<div class=\"et_pb_column_1 et_pb_column et-last-child et_flex_column et_pb_css_mix_blend_mode_passthrough et_flex_column_24_24\">\n<div class=\"et_pb_text_0 et_pb_text et_pb_bg_layout_light et_pb_module et_flex_module\"><div class=\"et_pb_text_inner\"><h5 data-section-id=\"1ktep9c\" data-start=\"1017\" data-end=\"1048\" style=\"text-align: center;\"><span style=\"color: #ffffff;\">La bioluminiscencia marina no aparece por azar. Detr\u00e1s de cada episodio hay organismos microsc\u00f3picos, procesos biol\u00f3gicos y condiciones ambientales muy concretas.<\/span><\/h5>\n<p data-start=\"2375\" data-end=\"2610\" style=\"text-align: center;\">\n<\/div><\/div>\n<\/div>\n<\/div>\n<\/div>\n\n<div class=\"et_pb_section_2 et_pb_section et_section_regular et_flex_section preset--module--divi-section--default\">\n<div class=\"et_pb_row_2 et_pb_row et_flex_row\">\n<div class=\"et_pb_column_2 et_pb_column et-last-child et_flex_column et_pb_css_mix_blend_mode_passthrough et_flex_column_24_24\">\n<div class=\"et_pb_image_0 et_pb_image et_pb_module et_flex_module\"><span class=\"et_pb_image_wrap\"><img decoding=\"async\" src=\"https:\/\/mardeardora.net\/wp-content\/uploads\/2026\/04\/DSC2847-Mejorado-NR.jpg\" title=\"mar-de-ardora-ermida-corme-costa-da-morte-galicia-drewkorme-77\" width=\"2560\" height=\"1707\" srcset=\"https:\/\/mardeardora.net\/wp-content\/uploads\/2026\/04\/DSC2847-Mejorado-NR.jpg 2560w, https:\/\/mardeardora.net\/wp-content\/uploads\/2026\/04\/DSC2847-Mejorado-NR-1280x854.jpg 1280w, https:\/\/mardeardora.net\/wp-content\/uploads\/2026\/04\/DSC2847-Mejorado-NR-980x653.jpg 980w, https:\/\/mardeardora.net\/wp-content\/uploads\/2026\/04\/DSC2847-Mejorado-NR-480x320.jpg 480w\" sizes=\"(min-width: 0px) and (max-width: 480px) 480px, (min-width: 481px) and (max-width: 980px) 980px, (min-width: 981px) and (max-width: 1280px) 1280px, (min-width: 1281px) 2560px, 100vw\" class=\"wp-image-1467\" \/><\/span><\/div>\n<\/div>\n<\/div>\n<\/div>\n\n<div class=\"et_pb_section_3 et_pb_section et_section_regular et_flex_section preset--module--divi-section--default\">\n<div class=\"et_pb_row_3 et_pb_row et_flex_row\">\n<div class=\"et_pb_column_3 et_pb_column et-last-child et_flex_column et_pb_css_mix_blend_mode_passthrough et_flex_column_24_24\">\n<div class=\"et_pb_text_1 et_pb_text et_pb_bg_layout_light et_pb_module et_flex_module\"><div class=\"et_pb_text_inner\"><div id=\"ez-toc-container\" class=\"ez-toc-v2_0_82_2 ez-toc-wrap-center counter-flat ez-toc-counter ez-toc-custom ez-toc-container-direction\">\n<div class=\"ez-toc-title-container\">\n<label class=\"ez-toc-title\" style=\"cursor:inherit\"><\/label>\n<span class=\"ez-toc-title-toggle\"><\/span><\/div>\n<nav><ul class='ez-toc-list ez-toc-list-level-1 ez-toc-columns-4' ><li class='ez-toc-page-1'><a class=\"ez-toc-link ez-toc-heading-1\" href=\"https:\/\/mardeardora.net\/gl\/guia-mar-de-ardora-galicia\/por-que-ocurre-el-mar-de-ardora\/#Una_reaccion_biologica_en_el_mar\" >Una reacci\u00f3n biol\u00f3gica en el mar<\/a><\/li><li class='ez-toc-page-1'><a class=\"ez-toc-link ez-toc-heading-2\" href=\"https:\/\/mardeardora.net\/gl\/guia-mar-de-ardora-galicia\/por-que-ocurre-el-mar-de-ardora\/#%C2%BFComo_producen_luz_estos_organismos\" >\u00bfC\u00f3mo producen luz estos organismos?<\/a><\/li><li class='ez-toc-page-1'><a class=\"ez-toc-link ez-toc-heading-3\" href=\"https:\/\/mardeardora.net\/gl\/guia-mar-de-ardora-galicia\/por-que-ocurre-el-mar-de-ardora\/#Los_verdaderos_responsables_organismos_bioluminiscentes\" >Los verdaderos responsables: organismos bioluminiscentes<\/a><\/li><li class='ez-toc-page-1'><a class=\"ez-toc-link ez-toc-heading-4\" href=\"https:\/\/mardeardora.net\/gl\/guia-mar-de-ardora-galicia\/por-que-ocurre-el-mar-de-ardora\/#Que_condiciones_favorecen_su_aparicion\" >Qu\u00e9 condiciones favorecen su aparici\u00f3n<\/a><\/li><li class='ez-toc-page-1'><a class=\"ez-toc-link ez-toc-heading-5\" href=\"https:\/\/mardeardora.net\/gl\/guia-mar-de-ardora-galicia\/por-que-ocurre-el-mar-de-ardora\/#No_todos_los_episodios_responden_a_la_misma_logica\" >No todos los episodios responden a la misma l\u00f3gica<\/a><\/li><li class='ez-toc-page-1'><a class=\"ez-toc-link ez-toc-heading-6\" href=\"https:\/\/mardeardora.net\/gl\/guia-mar-de-ardora-galicia\/por-que-ocurre-el-mar-de-ardora\/#Entenderlo_cambia_por_completo_la_forma_de_observarlo\" >Entenderlo cambia por completo la forma de observarlo<\/a><\/li><\/ul><\/nav><\/div>\n<h2 data-section-id=\"z28k2l\" data-start=\"2631\" data-end=\"2674\" style=\"text-align: center;\"><span class=\"ez-toc-section\" id=\"Una_reaccion_biologica_en_el_mar\"><\/span><span style=\"color: #ffffff;\"><strong>Una reacci\u00f3n biol\u00f3gica en el mar<\/strong><\/span><span class=\"ez-toc-section-end\"><\/span><\/h2>\n<p data-start=\"1304\" data-end=\"1493\" style=\"text-align: center;\"><span style=\"color: #ffffff;\">El Mar de Ardora es una manifestaci\u00f3n visible de la bioluminiscencia marina, un fen\u00f3meno natural producido por ciertos organismos microsc\u00f3picos capaces de emitir luz cuando son estimulados.<\/span><\/p>\n<p data-start=\"1495\" data-end=\"1787\" style=\"text-align: center;\"><span style=\"color: #ffffff;\">Aunque desde fuera pueda parecer algo casi m\u00e1gico, en realidad se trata de una respuesta biol\u00f3gica muy concreta, condicionada por la presencia de determinadas especies y por factores como el estado del mar, la temperatura del agua, la estabilidad superficial o la concentraci\u00f3n de nutrientes.<\/span><\/p>\n<p data-start=\"1789\" data-end=\"1932\" style=\"text-align: center;\"><span style=\"color: #ffffff;\">Comprender por qu\u00e9 ocurre es esencial para interpretar correctamente el fen\u00f3meno y dejar de verlo como algo puramente impredecible o aleatorio.<\/span><\/p>\n<\/div><\/div>\n<\/div>\n<\/div>\n<\/div>\n\n<div class=\"et_pb_section_4 et_pb_section et_section_regular et_flex_section preset--module--divi-section--default\">\n<div class=\"et_pb_row_4 et_pb_row et_flex_row\">\n<div class=\"et_pb_column_4 et_pb_column et-last-child et_flex_column et_pb_css_mix_blend_mode_passthrough et_flex_column_24_24\">\n<div class=\"et_pb_text_2 et_pb_text et_pb_bg_layout_light et_pb_module et_flex_module\"><div class=\"et_pb_text_inner\"><h2 data-section-id=\"4kui0e\" data-start=\"3423\" data-end=\"3463\" style=\"text-align: center;\"><span class=\"ez-toc-section\" id=\"%C2%BFComo_producen_luz_estos_organismos\"><\/span><span style=\"color: #ffffff;\"><strong>\u00bfC\u00f3mo producen luz estos organismos?<\/strong><\/span><span class=\"ez-toc-section-end\"><\/span><\/h2>\n<p data-start=\"575\" data-end=\"734\" style=\"text-align: center;\"><span style=\"color: #ffffff;\">La luz que se observa en el Mar de Ardora se genera a trav\u00e9s de una reacci\u00f3n qu\u00edmica natural que tiene lugar en el interior de ciertos microorganismos marinos.<\/span><\/p>\n<p data-start=\"736\" data-end=\"970\" style=\"text-align: center;\"><span style=\"color: #ffffff;\">En muchos casos, esta bioluminiscencia se produce gracias a la interacci\u00f3n entre una mol\u00e9cula llamada <strong data-start=\"838\" data-end=\"852\">luciferina<\/strong> y una enzima conocida como <strong data-start=\"880\" data-end=\"894\">luciferasa<\/strong>.<\/span><br data-start=\"895\" data-end=\"898\" \/><span style=\"color: #ffffff;\">Cuando se activa ese proceso, se libera energ\u00eda en forma de luz visible.<\/span><\/p>\n<p data-start=\"972\" data-end=\"1207\" style=\"text-align: center;\"><span style=\"color: #ffffff;\">En el mar, esta reacci\u00f3n suele desencadenarse cuando el agua se altera: una ola rompiendo, el paso de una persona caminando por la orilla o el movimiento de una embarcaci\u00f3n pueden ser suficientes para provocar esos destellos luminosos.<\/span><\/p>\n<p data-start=\"1209\" data-end=\"1387\" style=\"text-align: center;\"><span style=\"color: #ffffff;\">Ese brillo no es constante ni uniforme. Depende de cu\u00e1ntos organismos haya presentes, de c\u00f3mo est\u00e9n distribuidos en el agua y del tipo de est\u00edmulo que active la emisi\u00f3n luminosa.<\/span><\/p>\n<\/div><\/div>\n<\/div>\n<\/div>\n<\/div>\n\n<div class=\"et_pb_section_5 et_pb_section et_section_regular et_flex_section preset--module--divi-section--default\">\n<div class=\"et_pb_row_5 et_pb_row et_flex_row\">\n<div class=\"et_pb_column_5 et_pb_column et-last-child et_flex_column et_pb_css_mix_blend_mode_passthrough et_flex_column_24_24\">\n<div class=\"et_pb_text_3 et_pb_text et_pb_bg_layout_light et_pb_module et_flex_module\"><div class=\"et_pb_text_inner\"><h2 data-section-id=\"1l503ux\" data-start=\"4049\" data-end=\"4087\" style=\"text-align: center;\"><span class=\"ez-toc-section\" id=\"Los_verdaderos_responsables_organismos_bioluminiscentes\"><\/span><strong><span style=\"color: #ffffff;\">Los verdaderos responsables: organismos bioluminiscentes<\/span><\/strong><span class=\"ez-toc-section-end\"><\/span><\/h2>\n<p data-start=\"2894\" data-end=\"3145\" style=\"text-align: center;\"><span style=\"color: #ffffff;\">El Mar de Ardora no est\u00e1 causado por un \u00fanico organismo. En Galicia, su aparici\u00f3n suele estar vinculada principalmente a la presencia de ciertos dinoflagelados bioluminiscentes, aunque no todos se comportan igual ni aparecen en las mismas condiciones.<\/span><\/p>\n<p data-start=\"3147\" data-end=\"3340\" style=\"text-align: center;\"><span style=\"color: #ffffff;\">Algunas especies pueden generar episodios muy intensos y homog\u00e9neos, visibles en grandes extensiones de agua, mientras que otras producen manifestaciones m\u00e1s sutiles, localizadas o irregulares.<\/span><\/p>\n<p data-start=\"3342\" data-end=\"3536\" style=\"text-align: center;\"><span style=\"color: #ffffff;\">Por eso no basta con decir que \u201chay bioluminiscencia\u201d. Para entender realmente el fen\u00f3meno, es necesario tener en cuenta qu\u00e9 organismos est\u00e1n presentes y en qu\u00e9 contexto ambiental se encuentran.<\/span><\/p>\n<p data-start=\"4116\" data-end=\"4331\" style=\"text-align: center;\"><br data-start=\"4175\" data-end=\"4178\" \/><span style=\"color: #ffffff;\"><\/span><span style=\"color: #ffffff;\"><\/span><\/p>\n<\/div><\/div>\n<\/div>\n<\/div>\n\n<div class=\"et_pb_row_6 et_pb_row et_flex_row\">\n<div class=\"et_pb_column_6 et_pb_column et-last-child et_flex_column et_pb_css_mix_blend_mode_passthrough et_flex_column_24_24\">\n<div class=\"et_pb_module et_pb_button_module_wrapper et_pb_button_0_wrapper\"><a class=\"et_pb_button_0 et_pb_button et_pb_bg_layout_light et_pb_module et_flex_module\" href=\"https:\/\/mardeardora.net\/gl\/guia-mar-de-ardora-galicia\/tipos-de-mar-de-ardora\/\">Conocer los tipos de Mar de Ardora<\/a><\/div>\n<\/div>\n<\/div>\n<\/div>\n\n<div class=\"et_pb_section_6 et_pb_section et_section_regular et_flex_section preset--module--divi-section--default\">\n<div class=\"et_pb_row_7 et_pb_row et_flex_row\">\n<div class=\"et_pb_column_7 et_pb_column et-last-child et_flex_column et_pb_css_mix_blend_mode_passthrough et_flex_column_24_24\">\n<div class=\"et_pb_image_1 et_pb_image et_pb_module et_flex_module\"><span class=\"et_pb_image_wrap\"><img decoding=\"async\" src=\"https:\/\/mardeardora.net\/wp-content\/uploads\/2026\/04\/DSC3876-Editar.jpg\" title=\"mar-de-ardora-rebordelo-cabana-de-berganti\u00f1os-costa-da-morte-galicia-drewkorme-30\" width=\"2560\" height=\"2150\" srcset=\"https:\/\/mardeardora.net\/wp-content\/uploads\/2026\/04\/DSC3876-Editar.jpg 2560w, https:\/\/mardeardora.net\/wp-content\/uploads\/2026\/04\/DSC3876-Editar-1280x1075.jpg 1280w, https:\/\/mardeardora.net\/wp-content\/uploads\/2026\/04\/DSC3876-Editar-980x823.jpg 980w, https:\/\/mardeardora.net\/wp-content\/uploads\/2026\/04\/DSC3876-Editar-480x403.jpg 480w\" sizes=\"(min-width: 0px) and (max-width: 480px) 480px, (min-width: 481px) and (max-width: 980px) 980px, (min-width: 981px) and (max-width: 1280px) 1280px, (min-width: 1281px) 2560px, 100vw\" class=\"wp-image-1468\" \/><\/span><\/div>\n<\/div>\n<\/div>\n<\/div>\n\n<div class=\"et_pb_section_7 et_pb_section et_section_regular et_flex_section preset--module--divi-section--default\">\n<div class=\"et_pb_row_8 et_pb_row et_flex_row\">\n<div class=\"et_pb_column_8 et_pb_column et-last-child et_flex_column et_pb_css_mix_blend_mode_passthrough et_flex_column_24_24\">\n<div class=\"et_pb_text_4 et_pb_text et_pb_bg_layout_light et_pb_module et_flex_module\"><div class=\"et_pb_text_inner\"><h2 data-section-id=\"e2k29u\" data-start=\"3716\" data-end=\"3760\" style=\"text-align: center;\"><span class=\"ez-toc-section\" id=\"Que_condiciones_favorecen_su_aparicion\"><\/span><span role=\"text\" style=\"color: #ffffff;\"><strong data-start=\"3718\" data-end=\"3760\">Qu\u00e9 condiciones favorecen su aparici\u00f3n<\/strong><\/span><span role=\"text\" style=\"color: #ffffff;\"><strong data-start=\"3718\" data-end=\"3760\"><\/strong><\/span><span class=\"ez-toc-section-end\"><\/span><\/h2>\n<p data-start=\"3805\" data-end=\"4063\" style=\"text-align: center;\"><span style=\"color: #ffffff;\">La presencia de organismos bioluminiscentes por s\u00ed sola no garantiza que el fen\u00f3meno vaya a manifestarse con intensidad visible. Para que el Mar de Ardora llegue a apreciarse con claridad, tambi\u00e9n influyen de forma decisiva m\u00faltiples condiciones ambientales.<\/span><\/p>\n<p data-start=\"4065\" data-end=\"4105\" style=\"text-align: center;\"><span style=\"color: #ffffff;\">Entre las m\u00e1s importantes se encuentran:<\/span><\/p>\n<p style=\"text-align: center;\"><strong><span style=\"color: #ffffff;\">\u00b7 la temperatura del agua<\/span><\/strong><\/p>\n<p style=\"text-align: center;\"><strong><span style=\"color: #ffffff;\">\u00b7 la estabilidad o agitaci\u00f3n superficial<\/span><\/strong><\/p>\n<p style=\"text-align: center;\"><strong><span style=\"color: #ffffff;\">\u00b7 el viento<\/span><\/strong><\/p>\n<p style=\"text-align: center;\"><strong><span style=\"color: #ffffff;\">\u00b7 el oleaje<\/span><\/strong><\/p>\n<p style=\"text-align: center;\"><strong><span style=\"color: #ffffff;\">\u00b7 la distribuci\u00f3n de nutrientes<\/span><\/strong><\/p>\n<p style=\"text-align: center;\"><strong><span style=\"color: #ffffff;\">\u00b7 la concentraci\u00f3n del organismo en determinadas zonas<\/span><\/strong><\/p>\n<p style=\"text-align: center;\"><strong><span style=\"color: #ffffff;\">\u00b7 y, por supuesto, la oscuridad del entorno<\/span><\/strong><\/p>\n<p data-start=\"4342\" data-end=\"4623\" style=\"text-align: center;\"><span style=\"color: #ffffff;\">Cuando varios de estos factores se alinean de forma favorable, las probabilidades de observaci\u00f3n aumentan considerablemente. Pero cuando cambian, incluso aunque el organismo siga presente, el fen\u00f3meno puede manifestarse de forma mucho m\u00e1s d\u00e9bil o pasar pr\u00e1cticamente desapercibido.<\/span><\/p>\n<\/div><\/div>\n<\/div>\n<\/div>\n<\/div>\n\n<div class=\"et_pb_section_8 et_pb_section et_section_regular et_flex_section preset--module--divi-section--default\">\n<div class=\"et_pb_row_9 et_pb_row et_flex_row\">\n<div class=\"et_pb_column_9 et_pb_column et-last-child et_flex_column et_pb_css_mix_blend_mode_passthrough et_flex_column_24_24\">\n<div class=\"et_pb_text_5 et_pb_text et_pb_bg_layout_light et_pb_module et_flex_module\"><div class=\"et_pb_text_inner\"><h2 data-section-id=\"1ctjs97\" data-start=\"6104\" data-end=\"6157\" style=\"text-align: center;\"><span class=\"ez-toc-section\" id=\"No_todos_los_episodios_responden_a_la_misma_logica\"><\/span><span role=\"text\" style=\"color: #ffffff;\"><strong data-start=\"6106\" data-end=\"6157\">No todos los episodios responden a la misma l\u00f3gica<\/strong><\/span><span class=\"ez-toc-section-end\"><\/span><\/h2>\n<p data-start=\"4785\" data-end=\"4908\" style=\"text-align: center;\"><span style=\"color: #ffffff;\">Uno de los errores m\u00e1s frecuentes al hablar del Mar de Ardora es asumir que todos los episodios obedecen a un mismo patr\u00f3n.<\/span><\/p>\n<p data-start=\"4910\" data-end=\"5154\" style=\"text-align: center;\"><span style=\"color: #ffffff;\">En realidad, distintos organismos pueden provocar manifestaciones visuales diferentes, y cada uno responde de forma distinta a variables como la temperatura, la energ\u00eda del mar, la persistencia en superficie o el contexto biol\u00f3gico del momento.<\/span><\/p>\n<p data-start=\"5156\" data-end=\"5311\" style=\"text-align: center;\"><span style=\"color: #ffffff;\">Por eso, tratar de predecir el fen\u00f3meno \u00fanicamente observando el estado del mar o lanzando afirmaciones generales suele llevar a interpretaciones err\u00f3neas.<\/span><\/p>\n<p data-start=\"5313\" data-end=\"5498\" style=\"text-align: center;\"><span style=\"color: #ffffff;\">Entender qu\u00e9 est\u00e1 ocurriendo realmente exige mirar m\u00e1s all\u00e1 del simple \u201choy hay\u201d o \u201choy no hay\u201d, y empezar a interpretar el mar desde una l\u00f3gica biol\u00f3gica y ambiental mucho m\u00e1s precisa.<\/span><\/p>\n<\/div><\/div>\n<\/div>\n<\/div>\n\n<div class=\"et_pb_row_10 et_pb_row et_flex_row\">\n<div class=\"et_pb_column_10 et_pb_column et-last-child et_flex_column et_pb_css_mix_blend_mode_passthrough et_flex_column_24_24\">\n<div class=\"et_pb_text_6 et_pb_text et_pb_bg_layout_light et_pb_module et_flex_module\"><div class=\"et_pb_text_inner\"><h2 style=\"text-align: center;\"><span class=\"ez-toc-section\" id=\"Entenderlo_cambia_por_completo_la_forma_de_observarlo\"><\/span><span style=\"color: #ffffff;\"><strong>Entenderlo cambia por completo la forma de observarlo<\/strong><\/span><span class=\"ez-toc-section-end\"><\/span><\/h2>\n<p data-start=\"5679\" data-end=\"5775\" style=\"text-align: center;\"><span style=\"color: #ffffff;\">Cuando se comprende por qu\u00e9 ocurre el Mar de Ardora, cambia tambi\u00e9n la manera de acercarse a \u00e9l.<\/span><\/p>\n<p data-start=\"5777\" data-end=\"5959\" style=\"text-align: center;\"><span style=\"color: #ffffff;\">Deja de ser un fen\u00f3meno visto \u00fanicamente como una casualidad visual, y empieza a entenderse como el resultado de un equilibrio complejo entre biolog\u00eda, mar y condiciones ambientales.<\/span><\/p>\n<p data-start=\"5961\" data-end=\"6087\" style=\"text-align: center;\"><span style=\"color: #ffffff;\">Esa mirada no solo permite interpretarlo mejor, sino tambi\u00e9n observarlo con m\u00e1s criterio, m\u00e1s respeto y mucha m\u00e1s profundidad.<\/span><\/p>\n<p><span style=\"color: #ffffff;\"><strong><\/strong><\/span><\/p>\n<\/div><\/div>\n<\/div>\n<\/div>\n<\/div>\n\n<div class=\"et_pb_section_9 et_pb_section et_section_regular et_flex_section preset--module--divi-section--default\">\n<div class=\"et_pb_row_11 et_pb_row et_flex_row\">\n<div class=\"et_pb_column_11 et_pb_column et_flex_column et_pb_css_mix_blend_mode_passthrough et_flex_column_8_24 et_flex_column_24_24_phone et_flex_column_24_24_phoneWide\">\n<div class=\"et_pb_module et_pb_button_module_wrapper et_pb_button_1_wrapper\"><a class=\"et_pb_button_1 et_pb_button et_pb_bg_layout_light et_pb_module et_flex_module\" href=\"https:\/\/mardeardora.net\/gl\/guia-mar-de-ardora-galicia\/cuando-ocurre-el-mar-de-ardora\/\">Cu\u00e1ndo ocurre el Mar de Ardora<\/a><\/div>\n<\/div>\n\n<div class=\"et_pb_column_12 et_pb_column et_flex_column et_pb_css_mix_blend_mode_passthrough et_flex_column_8_24 et_flex_column_24_24_phone et_flex_column_24_24_phoneWide\">\n<div class=\"et_pb_module et_pb_button_module_wrapper et_pb_button_2_wrapper\"><a class=\"et_pb_button_2 et_pb_button et_pb_bg_layout_light et_pb_module et_flex_module\" href=\"https:\/\/mardeardora.net\/gl\/guia-mar-de-ardora-galicia\/donde-ver-mar-de-ardora-galicia\/\">D\u00f3nde ocurre en Galicia<\/a><\/div>\n<\/div>\n\n<div class=\"et_pb_column_13 et_pb_column et-last-child et_flex_column et_pb_css_mix_blend_mode_passthrough et_flex_column_8_24 et_flex_column_24_24_phone et_flex_column_24_24_phoneWide\">\n<div class=\"et_pb_module et_pb_button_module_wrapper et_pb_button_3_wrapper\"><a class=\"et_pb_button_3 et_pb_button et_pb_bg_layout_light et_pb_module et_flex_module\" href=\"https:\/\/mardeardora.net\/gl\/guia-mar-de-ardora-galicia\/tipos-de-mar-de-ardora\/\">Tipos de Mar de Ardora<\/a><\/div>\n<\/div>\n<\/div>\n\n<div class=\"et_pb_row_12 et_pb_row et_flex_row\">\n<div class=\"et_pb_column_14 et_pb_column et-last-child et_flex_column et_pb_css_mix_blend_mode_passthrough et_flex_column_24_24\">\n<div class=\"et_pb_module et_pb_button_module_wrapper et_pb_button_4_wrapper\"><a class=\"et_pb_button_4 et_pb_button et_pb_bg_layout_light et_pb_module et_flex_module\" href=\"https:\/\/mardeardora.net\/gl\/comunidad\/\">\u00danete a la comunidad<\/a><\/div>\n<\/div>\n<\/div>\n<\/div>\n\n<div class=\"et_pb_section_10 et_pb_section et_section_regular et_flex_section preset--module--divi-section--default\">\n<div class=\"et_pb_row_13 et_pb_row et_flex_row\">\n<div class=\"et_pb_column_15 et_pb_column et-last-child et_flex_column et_pb_css_mix_blend_mode_passthrough et_flex_column_24_24\">\n<div class=\"et_pb_module et_pb_button_module_wrapper et_pb_button_5_wrapper\"><a class=\"et_pb_button_5 et_pb_button et_pb_bg_layout_light et_pb_module et_flex_module\" href=\"https:\/\/mardeardora.net\/gl\/guia-mar-de-ardora-galicia\/\">Volver a la Gu\u00eda del Mar de Ardora<\/a><\/div>\n<\/div>\n<\/div>\n<\/div>","protected":false},"excerpt":{"rendered":"","protected":false},"author":1,"featured_media":0,"parent":1137,"menu_order":2,"comment_status":"closed","ping_status":"closed","template":"","meta":{"footnotes":""},"class_list":["post-1157","page","type-page","status-publish","hentry"],"_hostinger_reach_plugin_has_subscription_block":false,"_hostinger_reach_plugin_is_elementor":false,"_links":{"self":[{"href":"https:\/\/mardeardora.net\/gl\/wp-json\/wp\/v2\/pages\/1157","targetHints":{"allow":["GET"]}}],"collection":[{"href":"https:\/\/mardeardora.net\/gl\/wp-json\/wp\/v2\/pages"}],"about":[{"href":"https:\/\/mardeardora.net\/gl\/wp-json\/wp\/v2\/types\/page"}],"author":[{"embeddable":true,"href":"https:\/\/mardeardora.net\/gl\/wp-json\/wp\/v2\/users\/1"}],"replies":[{"embeddable":true,"href":"https:\/\/mardeardora.net\/gl\/wp-json\/wp\/v2\/comments?post=1157"}],"version-history":[{"count":15,"href":"https:\/\/mardeardora.net\/gl\/wp-json\/wp\/v2\/pages\/1157\/revisions"}],"predecessor-version":[{"id":1469,"href":"https:\/\/mardeardora.net\/gl\/wp-json\/wp\/v2\/pages\/1157\/revisions\/1469"}],"up":[{"embeddable":true,"href":"https:\/\/mardeardora.net\/gl\/wp-json\/wp\/v2\/pages\/1137"}],"wp:attachment":[{"href":"https:\/\/mardeardora.net\/gl\/wp-json\/wp\/v2\/media?parent=1157"}],"curies":[{"name":"wp","href":"https:\/\/api.w.org\/{rel}","templated":true}]}}