{"id":1194,"date":"2026-04-16T23:19:52","date_gmt":"2026-04-16T22:19:52","guid":{"rendered":"https:\/\/mardeardora.net\/?page_id=1194"},"modified":"2026-04-17T12:46:19","modified_gmt":"2026-04-17T11:46:19","slug":"mar-de-ardora-memoria-marinera","status":"publish","type":"page","link":"https:\/\/mardeardora.net\/gl\/guia-mar-de-ardora-galicia\/mar-de-ardora-memoria-marinera\/","title":{"rendered":"El Mar de Ardora en la memoria marinera"},"content":{"rendered":"<div class=\"et_pb_section_0 et_pb_section et_section_regular et_flex_section preset--module--divi-section--default\">\n<div class=\"et_pb_row_0 et_pb_row et_flex_row\">\n<div class=\"et_pb_column_0 et_pb_column et-last-child et_flex_column et_pb_css_mix_blend_mode_passthrough et_flex_column_24_24\">\n<div class=\"et_pb_heading_0 et_pb_heading et_pb_module et_flex_module\"><div class=\"et_pb_heading_container\"><h1 class=\"et_pb_module_header\">El Mar de Ardora en la memoria marinera<\/h1><\/div><\/div>\n<\/div>\n<\/div>\n<\/div>\n\n<div class=\"et_pb_section_1 et_pb_section et_section_regular et_flex_section preset--module--divi-section--default\">\n<div class=\"et_pb_row_1 et_pb_row et_flex_row\">\n<div class=\"et_pb_column_1 et_pb_column et-last-child et_flex_column et_pb_css_mix_blend_mode_passthrough et_flex_column_24_24\">\n<div class=\"et_pb_text_0 et_pb_text et_pb_bg_layout_light et_pb_module et_flex_module\"><div class=\"et_pb_text_inner\"><p data-start=\"403\" data-end=\"560\" style=\"text-align: center;\"><span style=\"color: #ffffff;\">Mucho antes de que la ciencia pusiera nombre y explicaci\u00f3n al fen\u00f3meno, el Mar de Ardora ya formaba parte del conocimiento de las gentes del litoral gallego.<\/span><\/p>\n<p data-start=\"562\" data-end=\"613\" style=\"text-align: center;\"><span style=\"color: #ffffff;\">No era un espect\u00e1culo ni una rareza. Era una se\u00f1al.<\/span><\/p>\n<p data-start=\"615\" data-end=\"709\" style=\"text-align: center;\"><span style=\"color: #ffffff;\">Una manifestaci\u00f3n del mar que se aprend\u00eda a leer, a interpretar y, en ocasiones, a aprovechar.<\/span><\/p>\n<\/div><\/div>\n<\/div>\n<\/div>\n<\/div>\n\n<div class=\"et_pb_section_2 et_pb_section et_section_regular et_flex_section preset--module--divi-section--default\">\n<div class=\"et_pb_row_2 et_pb_row et_flex_row\">\n<div class=\"et_pb_column_2 et_pb_column et-last-child et_flex_column et_pb_css_mix_blend_mode_passthrough et_flex_column_24_24\">\n<div class=\"et_pb_text_1 et_pb_text et_pb_bg_layout_light et_pb_module et_flex_module\"><div class=\"et_pb_text_inner\"><div id=\"ez-toc-container\" class=\"ez-toc-v2_0_82_2 ez-toc-wrap-center counter-flat ez-toc-counter ez-toc-custom ez-toc-container-direction\">\n<div class=\"ez-toc-title-container\">\n<label class=\"ez-toc-title\" style=\"cursor:inherit\"><\/label>\n<span class=\"ez-toc-title-toggle\"><\/span><\/div>\n<nav><ul class='ez-toc-list ez-toc-list-level-1 ez-toc-columns-4' ><li class='ez-toc-page-1'><a class=\"ez-toc-link ez-toc-heading-1\" href=\"https:\/\/mardeardora.net\/gl\/guia-mar-de-ardora-galicia\/mar-de-ardora-memoria-marinera\/#Introduccion\" >Introducci\u00f3n<\/a><\/li><li class='ez-toc-page-1'><a class=\"ez-toc-link ez-toc-heading-2\" href=\"https:\/\/mardeardora.net\/gl\/guia-mar-de-ardora-galicia\/mar-de-ardora-memoria-marinera\/#Pescar_%E2%80%9Ca_ardora%E2%80%9D\" >Pescar \u201c\u00e1 ardora\u201d<\/a><\/li><li class='ez-toc-page-1'><a class=\"ez-toc-link ez-toc-heading-3\" href=\"https:\/\/mardeardora.net\/gl\/guia-mar-de-ardora-galicia\/mar-de-ardora-memoria-marinera\/#Una_ayuda%E2%80%A6_y_un_problema\" >Una ayuda\u2026 y un problema<\/a><\/li><li class='ez-toc-page-1'><a class=\"ez-toc-link ez-toc-heading-4\" href=\"https:\/\/mardeardora.net\/gl\/guia-mar-de-ardora-galicia\/mar-de-ardora-memoria-marinera\/#Cuando_el_mar_parecia_estar_vivo\" >Cuando el mar parec\u00eda estar vivo<\/a><\/li><li class='ez-toc-page-1'><a class=\"ez-toc-link ez-toc-heading-5\" href=\"https:\/\/mardeardora.net\/gl\/guia-mar-de-ardora-galicia\/mar-de-ardora-memoria-marinera\/#Del_conocimiento_tradicional_a_la_observacion_actual\" >Del conocimiento tradicional a la observaci\u00f3n actual<\/a><\/li><li class='ez-toc-page-1'><a class=\"ez-toc-link ez-toc-heading-6\" href=\"https:\/\/mardeardora.net\/gl\/guia-mar-de-ardora-galicia\/mar-de-ardora-memoria-marinera\/#Un_conocimiento_heredado_del_mar\" >Un conocimiento heredado del mar<\/a><\/li><li class='ez-toc-page-1'><a class=\"ez-toc-link ez-toc-heading-7\" href=\"https:\/\/mardeardora.net\/gl\/guia-mar-de-ardora-galicia\/mar-de-ardora-memoria-marinera\/#Si_quieres_entender_como_se_produce_realmente_el_fenomeno_cuando_aparece_y_como_interpretarlo_en_Galicia_puedes_continuar_con_la_guia_completa\" >Si quieres entender c\u00f3mo se produce realmente el fen\u00f3meno, cu\u00e1ndo aparece y c\u00f3mo interpretarlo en Galicia, puedes continuar con la gu\u00eda completa:<\/a><\/li><\/ul><\/nav><\/div>\n<h2 data-start=\"746\" data-end=\"777\" style=\"text-align: center;\"><span class=\"ez-toc-section\" id=\"Introduccion\"><\/span><strong><span style=\"color: #ffffff;\">Introducci\u00f3n<\/span><\/strong><span class=\"ez-toc-section-end\"><\/span><\/h2>\n<p data-start=\"791\" data-end=\"954\" style=\"text-align: center;\"><span style=\"color: #ffffff;\">Durante d\u00e9cadas \u2014y probablemente siglos\u2014 los marineros observaron c\u00f3mo, en determinadas noches, el agua se iluminaba al paso de los peces, del remo o de las redes.<\/span><\/p>\n<p data-start=\"956\" data-end=\"1088\" style=\"text-align: center;\"><span style=\"color: #ffffff;\">Esa luz azulada delataba la presencia de vida bajo la superficie, convirti\u00e9ndose en una herramienta m\u00e1s para quienes viv\u00edan del mar.<\/span><\/p>\n<p data-start=\"1090\" data-end=\"1131\" style=\"text-align: center;\"><span style=\"color: #ffffff;\">El fen\u00f3meno no se explicaba, se entend\u00eda.<\/span><\/p>\n<\/div><\/div>\n<\/div>\n<\/div>\n<\/div>\n\n<div class=\"et_pb_section_3 et_pb_section et_section_regular et_flex_section preset--module--divi-section--default\">\n<div class=\"et_pb_row_3 et_pb_row et_flex_row\">\n<div class=\"et_pb_column_3 et_pb_column et-last-child et_flex_column et_pb_css_mix_blend_mode_passthrough et_flex_column_24_24\">\n<div class=\"et_pb_text_2 et_pb_text et_pb_bg_layout_light et_pb_module et_flex_module\"><div class=\"et_pb_text_inner\"><h2 data-start=\"1172\" data-end=\"1208\" style=\"text-align: center;\"><span class=\"ez-toc-section\" id=\"Pescar_%E2%80%9Ca_ardora%E2%80%9D\"><\/span><span style=\"color: #ffffff;\"><strong>Pescar \u201c\u00e1 ardora\u201d<\/strong><\/span><span class=\"ez-toc-section-end\"><\/span><\/h2>\n<p data-start=\"1222\" data-end=\"1305\" style=\"text-align: center;\"><span style=\"color: #ffffff;\">En Galicia, esta relaci\u00f3n dio lugar a una pr\u00e1ctica conocida como pescar \u201c\u00e1 ardora\u201d.<\/span><\/p>\n<p data-start=\"1307\" data-end=\"1429\" style=\"text-align: center;\"><span style=\"color: #ffffff;\">Consist\u00eda en aprovechar la bioluminiscencia para localizar bancos de peces en la oscuridad, sin necesidad de instrumentos.<\/span><\/p>\n<p data-start=\"1431\" data-end=\"1495\" style=\"text-align: center;\"><span style=\"color: #ffffff;\">La luz del mar revelaba lo que durante el d\u00eda permanec\u00eda oculto.<\/span><\/p>\n<p data-start=\"1497\" data-end=\"1528\" style=\"text-align: center;\"><span style=\"color: #ffffff;\">Pero no siempre jugaba a favor.<\/span><\/p>\n<p data-start=\"1530\" data-end=\"1641\" style=\"text-align: center;\"><span style=\"color: #ffffff;\">En muchas ocasiones, esa misma luz delataba las redes antes de tiempo, provocando que los peces se dispersasen.<\/span><\/p>\n<p data-start=\"1643\" data-end=\"1719\" style=\"text-align: center;\"><span style=\"color: #ffffff;\">Lo que una noche facilitaba la pesca, en otra pod\u00eda arruinarla por completo.<\/span><\/p>\n<\/div><\/div>\n<\/div>\n<\/div>\n<\/div>\n\n<div class=\"et_pb_section_4 et_pb_section et_section_regular et_flex_section preset--module--divi-section--default\">\n<div class=\"et_pb_row_4 et_pb_row et_flex_row\">\n<div class=\"et_pb_column_4 et_pb_column et-last-child et_flex_column et_pb_css_mix_blend_mode_passthrough et_flex_column_24_24\">\n<div class=\"et_pb_text_3 et_pb_text et_pb_bg_layout_light et_pb_module et_flex_module\"><div class=\"et_pb_text_inner\"><h2 data-start=\"1765\" data-end=\"1808\" style=\"text-align: center;\"><span class=\"ez-toc-section\" id=\"Una_ayuda%E2%80%A6_y_un_problema\"><\/span><strong><span style=\"color: #ffffff;\">Una ayuda\u2026 y un problema<\/span><\/strong><span class=\"ez-toc-section-end\"><\/span><\/h2>\n<p data-start=\"1822\" data-end=\"1951\" style=\"text-align: center;\"><span style=\"color: #ffffff;\">El Mar de Ardora no siempre fue interpretado como algo m\u00e1gico o extraordinario, sino como una parte m\u00e1s del comportamiento del oc\u00e9ano.<\/span><\/p>\n<p data-start=\"1953\" data-end=\"2006\" style=\"text-align: center;\"><span style=\"color: #ffffff;\">Pod\u00eda ayudar, pero tambi\u00e9n pod\u00eda complicar las cosas.<\/span><\/p>\n<p data-start=\"2008\" data-end=\"2091\" style=\"text-align: center;\"><span style=\"color: #ffffff;\">Esa dualidad qued\u00f3 profundamente marcada en la memoria de las comunidades costeras:<\/span><\/p>\n<ul data-start=\"2093\" data-end=\"2213\" style=\"text-align: center;\">\n<li data-section-id=\"xbpea0\" data-start=\"2093\" data-end=\"2132\"><span style=\"color: #ffffff;\">Un fen\u00f3meno \u00fatil, pero impredecible<\/span><\/li>\n<li data-section-id=\"g7no1w\" data-start=\"2133\" data-end=\"2168\"><span style=\"color: #ffffff;\">Una se\u00f1al, pero no una garant\u00eda<\/span><\/li>\n<li data-section-id=\"qdld3q\" data-start=\"2169\" data-end=\"2213\"><span style=\"color: #ffffff;\">Una herramienta, pero nunca bajo control<\/span><\/li>\n<\/ul>\n<p data-start=\"2215\" data-end=\"2272\" style=\"text-align: center;\"><span style=\"color: #ffffff;\">El mar no avisa. Y cuando lo hace, no siempre es a favor.<\/span><\/p>\n<\/div><\/div>\n<\/div>\n<\/div>\n<\/div>\n\n<div class=\"et_pb_section_5 et_pb_section et_section_regular et_flex_section preset--module--divi-section--default\">\n<div class=\"et_pb_row_5 et_pb_row et_flex_row\">\n<div class=\"et_pb_column_5 et_pb_column et-last-child et_flex_column et_pb_css_mix_blend_mode_passthrough et_flex_column_24_24\">\n<div class=\"et_pb_text_4 et_pb_text et_pb_bg_layout_light et_pb_module et_flex_module\"><div class=\"et_pb_text_inner\"><h2 data-start=\"2325\" data-end=\"2376\" style=\"text-align: center;\"><span class=\"ez-toc-section\" id=\"Cuando_el_mar_parecia_estar_vivo\"><\/span><strong><span style=\"color: #ffffff;\">Cuando el mar parec\u00eda estar vivo<\/span><\/strong><span class=\"ez-toc-section-end\"><\/span><\/h2>\n<p data-start=\"2390\" data-end=\"2548\" style=\"text-align: center;\"><span style=\"color: #ffffff;\">En noches especialmente intensas, la bioluminiscencia pod\u00eda extenderse durante millas, transformando la superficie del mar en una masa luminosa en movimiento.<\/span><\/p>\n<p data-start=\"2550\" data-end=\"2593\" style=\"text-align: center;\"><span style=\"color: #ffffff;\">El agua ard\u00eda al paso de las embarcaciones.<\/span><\/p>\n<p data-start=\"2595\" data-end=\"2620\" style=\"text-align: center;\"><span style=\"color: #ffffff;\">Las estelas se encend\u00edan.<\/span><\/p>\n<p data-start=\"2622\" data-end=\"2665\" style=\"text-align: center;\"><span style=\"color: #ffffff;\">Cada gesto dejaba un rastro de luz ef\u00edmera.<\/span><\/p>\n<p data-start=\"2667\" data-end=\"2724\" style=\"text-align: center;\"><span style=\"color: #ffffff;\">Para quienes viv\u00edan del mar, aquella visi\u00f3n no era ajena.<\/span><\/p>\n<p data-start=\"2726\" data-end=\"2767\" style=\"text-align: center;\"><span style=\"color: #ffffff;\">Era la confirmaci\u00f3n de algo m\u00e1s profundo:<\/span><\/p>\n<p data-start=\"2769\" data-end=\"2848\" style=\"text-align: center;\"><span style=\"color: #ffffff;\"> \u2192 que el oc\u00e9ano estaba lleno de vida<\/span><br data-start=\"2806\" data-end=\"2809\" \/><span style=\"color: #ffffff;\">\u2192\u00a0y que no siempre estaba de su lado<\/span><\/p>\n<p data-start=\"4116\" data-end=\"4331\" style=\"text-align: center;\"><br data-start=\"4175\" data-end=\"4178\" \/><span style=\"color: #ffffff;\"><\/span><span style=\"color: #ffffff;\"><\/span><\/p>\n<\/div><\/div>\n<\/div>\n<\/div>\n\n<div class=\"et_pb_row_6 et_pb_row et_flex_row\">\n<div class=\"et_pb_column_6 et_pb_column et-last-child et_flex_column et_pb_css_mix_blend_mode_passthrough et_flex_column_24_24\">\n<div class=\"et_pb_text_5 et_pb_text et_pb_bg_layout_light et_pb_module et_flex_module\"><div class=\"et_pb_text_inner\"><h2 data-start=\"2894\" data-end=\"2965\" style=\"text-align: center;\"><span class=\"ez-toc-section\" id=\"Del_conocimiento_tradicional_a_la_observacion_actual\"><\/span><span style=\"color: #ffffff;\"><strong>Del conocimiento tradicional a la observaci\u00f3n actual<\/strong><\/span><span class=\"ez-toc-section-end\"><\/span><\/h2>\n<p data-start=\"2979\" data-end=\"3102\" style=\"text-align: center;\"><span style=\"color: #ffffff;\">Hoy, el Mar de Ardora se observa desde la orilla, se documenta con c\u00e1maras y se comparte como una experiencia visual \u00fanica.<\/span><\/p>\n<p data-start=\"3104\" data-end=\"3139\" style=\"text-align: center;\"><span style=\"color: #ffffff;\">Pero conviene no olvidar su origen.<\/span><\/p>\n<p data-start=\"3141\" data-end=\"3183\" style=\"text-align: center;\"><span style=\"color: #ffffff;\">Este fen\u00f3meno no nace como un espect\u00e1culo.<\/span><\/p>\n<p data-start=\"3185\" data-end=\"3293\" style=\"text-align: center;\"><span style=\"color: #ffffff;\">Nace como una expresi\u00f3n directa de la relaci\u00f3n entre el mar y quienes han vivido de \u00e9l durante generaciones.<\/span><\/p>\n<p data-start=\"3295\" data-end=\"3388\" style=\"text-align: center;\"><span style=\"color: #ffffff;\">Primero fue observaci\u00f3n.<\/span><br data-start=\"3319\" data-end=\"3322\" \/><span style=\"color: #ffffff;\">Despu\u00e9s, experiencia.<\/span><br data-start=\"3343\" data-end=\"3346\" \/><span style=\"color: #ffffff;\">Y mucho m\u00e1s tarde, explicaci\u00f3n cient\u00edfica.<\/span><\/p>\n<\/div><\/div>\n<\/div>\n<\/div>\n<\/div>\n\n<div class=\"et_pb_section_6 et_pb_section et_section_regular et_flex_section preset--module--divi-section--default\">\n<div class=\"et_pb_row_7 et_pb_row et_flex_row\">\n<div class=\"et_pb_column_7 et_pb_column et-last-child et_flex_column et_pb_css_mix_blend_mode_passthrough et_flex_column_24_24\">\n<div class=\"et_pb_text_6 et_pb_text et_pb_bg_layout_light et_pb_module et_flex_module\"><div class=\"et_pb_text_inner\"><h2 data-start=\"3427\" data-end=\"3478\" style=\"text-align: center;\"><span class=\"ez-toc-section\" id=\"Un_conocimiento_heredado_del_mar\"><\/span><strong><span style=\"color: #ffffff;\">Un conocimiento heredado del mar<\/span><\/strong><span class=\"ez-toc-section-end\"><\/span><\/h2>\n<p data-start=\"3492\" data-end=\"3559\" style=\"text-align: center;\"><span style=\"color: #ffffff;\">Comprender el Mar de Ardora implica tambi\u00e9n reconocer esa herencia.<\/span><\/p>\n<p data-start=\"3561\" data-end=\"3637\" style=\"text-align: center;\"><span style=\"color: #ffffff;\">Un conocimiento construido a base de noches, mareas y experiencia acumulada.<\/span><\/p>\n<p data-start=\"3639\" data-end=\"3721\" style=\"text-align: center;\"><span style=\"color: #ffffff;\">Una forma de entender el mar no desde la teor\u00eda, sino desde la convivencia con \u00e9l.<\/span><\/p>\n<p data-start=\"3723\" data-end=\"3758\" style=\"text-align: center;\"><span style=\"color: #ffffff;\">Porque hay cosas que no se ense\u00f1an.<\/span><\/p>\n<p data-start=\"3760\" data-end=\"3772\" style=\"text-align: center;\"><span style=\"color: #ffffff;\">Se aprenden.<\/span><\/p>\n<p data-start=\"3774\" data-end=\"3818\" style=\"text-align: center;\"><span style=\"color: #ffffff;\">Y el mar, a veces, decide contarlas con luz.<\/span><\/p>\n<p data-start=\"5316\" data-end=\"5425\" style=\"text-align: center;\">\n<\/div><\/div>\n<\/div>\n<\/div>\n<\/div>\n\n<div class=\"et_pb_section_7 et_pb_section et_section_regular et_flex_section preset--module--divi-section--default\">\n<div class=\"et_pb_row_8 et_pb_row et_flex_row\">\n<div class=\"et_pb_column_8 et_pb_column et-last-child et_flex_column et_pb_css_mix_blend_mode_passthrough et_flex_column_24_24\">\n<div class=\"et_pb_image_0 et_pb_image et_pb_module et_flex_module\"><span class=\"et_pb_image_wrap\"><img decoding=\"async\" src=\"https:\/\/mardeardora.net\/wp-content\/uploads\/2026\/01\/chrome_XWnuRFHhZg.png\" title=\"ardora_ia\" width=\"463\" height=\"560\" srcset=\"https:\/\/mardeardora.net\/wp-content\/uploads\/2026\/01\/chrome_XWnuRFHhZg.png 463w, https:\/\/mardeardora.net\/wp-content\/uploads\/2026\/01\/chrome_XWnuRFHhZg-248x300.png 248w\" sizes=\"(max-width: 463px) 100vw, 463px\" class=\"wp-image-753\" \/><\/span><\/div>\n<\/div>\n<\/div>\n<\/div>\n\n<div class=\"et_pb_section_8 et_pb_section et_section_regular et_flex_section preset--module--divi-section--default\">\n<div class=\"et_pb_row_9 et_pb_row et_flex_row\">\n<div class=\"et_pb_column_9 et_pb_column et-last-child et_flex_column et_pb_css_mix_blend_mode_passthrough et_flex_column_24_24\">\n<div class=\"et_pb_text_7 et_pb_text et_pb_bg_layout_light et_pb_module et_flex_module\"><div class=\"et_pb_text_inner\"><h2 data-start=\"4084\" data-end=\"4229\" style=\"text-align: center;\"><span class=\"ez-toc-section\" id=\"Si_quieres_entender_como_se_produce_realmente_el_fenomeno_cuando_aparece_y_como_interpretarlo_en_Galicia_puedes_continuar_con_la_guia_completa\"><\/span><span style=\"color: #ffffff;\"><strong>Si quieres entender c\u00f3mo se produce realmente el fen\u00f3meno, cu\u00e1ndo aparece y c\u00f3mo interpretarlo en Galicia, puedes continuar con la gu\u00eda completa:<\/strong><\/span><span class=\"ez-toc-section-end\"><\/span><\/h2>\n<p data-start=\"6451\" data-end=\"6501\" style=\"text-align: center;\">\n<\/div><\/div>\n\n<div class=\"et_pb_module et_pb_button_module_wrapper et_pb_button_0_wrapper\"><a class=\"et_pb_button_0 et_pb_button et_pb_bg_layout_light et_pb_module et_flex_module\" href=\"https:\/\/mardeardora.net\/gl\/comunidad\/\">\u00danete a la comunidad<\/a><\/div>\n<\/div>\n<\/div>\n<\/div>\n\n<div class=\"et_pb_section_9 et_pb_section et_section_regular et_flex_section preset--module--divi-section--default\">\n<div class=\"et_pb_row_10 et_pb_row et_flex_row\">\n<div class=\"et_pb_column_10 et_pb_column et_flex_column et_pb_css_mix_blend_mode_passthrough et_flex_column_6_24 et_flex_column_12_24_tablet et_flex_column_24_24_phone et_flex_column_24_24_phoneWide et_flex_column_12_24_tabletWide\">\n<div class=\"et_pb_module et_pb_button_module_wrapper et_pb_button_1_wrapper\"><a class=\"et_pb_button_1 et_pb_button et_pb_bg_layout_light et_pb_module et_flex_module\" href=\"https:\/\/mardeardora.net\/gl\/guia-mar-de-ardora-galicia\/por-que-ocurre-el-mar-de-ardora\/\">Por qu\u00e9 ocurre el Mar de Ardora<\/a><\/div>\n<\/div>\n\n<div class=\"et_pb_column_11 et_pb_column et_flex_column et_pb_css_mix_blend_mode_passthrough et_flex_column_6_24 et_flex_column_12_24_tablet et_flex_column_24_24_phone et_flex_column_24_24_phoneWide et_flex_column_12_24_tabletWide\">\n<div class=\"et_pb_module et_pb_button_module_wrapper et_pb_button_2_wrapper\"><a class=\"et_pb_button_2 et_pb_button et_pb_bg_layout_light et_pb_module et_flex_module\" href=\"https:\/\/mardeardora.net\/gl\/guia-mar-de-ardora-galicia\/cuando-ocurre-el-mar-de-ardora\/\">Cu\u00e1ndo ocurre el Mar de Ardora<\/a><\/div>\n<\/div>\n\n<div class=\"et_pb_column_12 et_pb_column et_flex_column et_pb_css_mix_blend_mode_passthrough et_flex_column_6_24 et_flex_column_12_24_tablet et_flex_column_24_24_phone et_flex_column_24_24_phoneWide et_flex_column_12_24_tabletWide\">\n<div class=\"et_pb_module et_pb_button_module_wrapper et_pb_button_3_wrapper\"><a class=\"et_pb_button_3 et_pb_button et_pb_bg_layout_light et_pb_module et_flex_module\" href=\"https:\/\/mardeardora.net\/gl\/guia-mar-de-ardora-galicia\/donde-ver-mar-de-ardora-galicia\/\">D\u00f3nde ocurre en Galicia<\/a><\/div>\n<\/div>\n\n<div class=\"et_pb_column_13 et_pb_column et-last-child et_flex_column et_pb_css_mix_blend_mode_passthrough et_flex_column_6_24 et_flex_column_12_24_tablet et_flex_column_24_24_phone et_flex_column_24_24_phoneWide et_flex_column_12_24_tabletWide\">\n<div class=\"et_pb_module et_pb_button_module_wrapper et_pb_button_4_wrapper\"><a class=\"et_pb_button_4 et_pb_button et_pb_bg_layout_light et_pb_module et_flex_module\" href=\"https:\/\/mardeardora.net\/gl\/guia-mar-de-ardora-galicia\/tipos-de-mar-de-ardora\/\">Tipos de Mar de Ardora<\/a><\/div>\n<\/div>\n<\/div>\n<\/div>\n\n<div class=\"et_pb_section_10 et_pb_section et_section_regular et_flex_section preset--module--divi-section--default\">\n<div class=\"et_pb_row_11 et_pb_row et_flex_row\">\n<div class=\"et_pb_column_14 et_pb_column et_flex_column et_pb_css_mix_blend_mode_passthrough et_flex_column_8_24 et_flex_column_24_24_phone et_flex_column_24_24_phoneWide\">\n<div class=\"et_pb_module et_pb_button_module_wrapper et_pb_button_5_wrapper\"><a class=\"et_pb_button_5 et_pb_button et_pb_bg_layout_light et_pb_module et_flex_module\" href=\"https:\/\/mardeardora.net\/gl\/experiencias\/\">Vive una experiencia<\/a><\/div>\n<\/div>\n\n<div class=\"et_pb_column_15 et_pb_column et_flex_column et_pb_css_mix_blend_mode_passthrough et_flex_column_8_24 et_flex_column_24_24_phone et_flex_column_24_24_phoneWide\">\n<div class=\"et_pb_module et_pb_button_module_wrapper et_pb_button_6_wrapper\"><a class=\"et_pb_button_6 et_pb_button et_pb_bg_layout_light et_pb_module et_flex_module\" href=\"https:\/\/mardeardora.net\/gl\/contacto\/\">Contactar<\/a><\/div>\n<\/div>\n\n<div class=\"et_pb_column_16 et_pb_column et-last-child et_flex_column et_pb_css_mix_blend_mode_passthrough et_flex_column_8_24 et_flex_column_24_24_phone et_flex_column_24_24_phoneWide\">\n<div class=\"et_pb_module et_pb_button_module_wrapper et_pb_button_7_wrapper\"><a class=\"et_pb_button_7 et_pb_button et_pb_bg_layout_light et_pb_module et_flex_module\" href=\"https:\/\/mardeardora.net\/gl\/\">P\u00e1xina principal<\/a><\/div>\n<\/div>\n<\/div>\n<\/div>","protected":false},"excerpt":{"rendered":"","protected":false},"author":1,"featured_media":0,"parent":1137,"menu_order":9,"comment_status":"closed","ping_status":"closed","template":"","meta":{"footnotes":""},"class_list":["post-1194","page","type-page","status-publish","hentry"],"_hostinger_reach_plugin_has_subscription_block":false,"_hostinger_reach_plugin_is_elementor":false,"_links":{"self":[{"href":"https:\/\/mardeardora.net\/gl\/wp-json\/wp\/v2\/pages\/1194","targetHints":{"allow":["GET"]}}],"collection":[{"href":"https:\/\/mardeardora.net\/gl\/wp-json\/wp\/v2\/pages"}],"about":[{"href":"https:\/\/mardeardora.net\/gl\/wp-json\/wp\/v2\/types\/page"}],"author":[{"embeddable":true,"href":"https:\/\/mardeardora.net\/gl\/wp-json\/wp\/v2\/users\/1"}],"replies":[{"embeddable":true,"href":"https:\/\/mardeardora.net\/gl\/wp-json\/wp\/v2\/comments?post=1194"}],"version-history":[{"count":17,"href":"https:\/\/mardeardora.net\/gl\/wp-json\/wp\/v2\/pages\/1194\/revisions"}],"predecessor-version":[{"id":1458,"href":"https:\/\/mardeardora.net\/gl\/wp-json\/wp\/v2\/pages\/1194\/revisions\/1458"}],"up":[{"embeddable":true,"href":"https:\/\/mardeardora.net\/gl\/wp-json\/wp\/v2\/pages\/1137"}],"wp:attachment":[{"href":"https:\/\/mardeardora.net\/gl\/wp-json\/wp\/v2\/media?parent=1194"}],"curies":[{"name":"wp","href":"https:\/\/api.w.org\/{rel}","templated":true}]}}