{"id":1337,"date":"2026-04-17T01:17:16","date_gmt":"2026-04-17T00:17:16","guid":{"rendered":"https:\/\/mardeardora.net\/?page_id=1337"},"modified":"2026-04-17T01:32:56","modified_gmt":"2026-04-17T00:32:56","slug":"contacto","status":"publish","type":"page","link":"https:\/\/mardeardora.net\/gl\/contacto\/","title":{"rendered":"CONTACTO"},"content":{"rendered":"<div class=\"et_pb_section_0 et_pb_section et_section_regular et_flex_section preset--module--divi-section--default\">\n<div class=\"et_pb_row_0 et_pb_row et_flex_row\">\n<div class=\"et_pb_column_0 et_pb_column et-last-child et_flex_column et_pb_css_mix_blend_mode_passthrough et_flex_column_24_24\">\n<div class=\"et_pb_text_0 et_pb_text et_pb_bg_layout_light et_pb_module et_flex_module\"><div class=\"et_pb_text_inner\"><h1 style=\"text-align: center;\"><span style=\"color: #ffffff;\"><strong>Contacto Mar de Ardora en Galicia | Consultas y experiencias<\/strong><\/span><\/h1>\n<\/div><\/div>\n<\/div>\n<\/div>\n<\/div>\n\n<div class=\"et_pb_section_1 et_pb_section et_section_regular et_flex_section preset--module--divi-section--default\">\n<div class=\"et_pb_row_1 et_pb_row et_flex_row\">\n<div class=\"et_pb_column_1 et_pb_column et-last-child et_flex_column et_pb_css_mix_blend_mode_passthrough et_flex_column_24_24\">\n<div class=\"et_pb_text_1 et_pb_text et_pb_bg_layout_light et_pb_module et_flex_module\"><div class=\"et_pb_text_inner\"><h4 style=\"text-align: center;\"><strong><span style=\"color: #ffffff;\">Si quieres vivir el Mar de Ardora en Galicia, resolver dudas o plantear una experiencia personalizada, puedes ponerte en contacto a trav\u00e9s de este formulario.<\/span><\/strong><\/h4>\n<h4 style=\"text-align: center;\"><strong><span style=\"color: #ffffff;\">Cada episodio es \u00fanico y depende de condiciones muy concretas, por lo que la informaci\u00f3n se adapta siempre a la situaci\u00f3n real del momento.<\/span><\/strong><\/h4>\n<h4 style=\"text-align: center;\"><strong><span style=\"color: #ffffff;\">Responder\u00e9 personalmente lo antes posible.<\/span><\/strong><\/h4>\n<\/div><\/div>\n<\/div>\n<\/div>\n<\/div>\n\n<div class=\"et_pb_section_2 et_pb_section et_section_regular et_flex_section preset--module--divi-section--default\">\n<div class=\"et_pb_row_2 et_pb_row et_flex_row\">\n<div class=\"et_pb_column_2 et_pb_column et-last-child et_flex_column et_pb_css_mix_blend_mode_passthrough et_flex_column_24_24\">\n<div class=\"et_pb_row_3 et_pb_row et_pb_row_nested et_flex_row\">\n<div class=\"et_pb_column_3 et_pb_column et-last-child et_flex_column et_pb_css_mix_blend_mode_passthrough et_flex_column_24_24 et_flex_column_24_24_tablet et_flex_column_24_24_phone et_flex_column_24_24_phoneWide et_flex_column_24_24_tabletWide\">\n<div class=\"et_pb_row_4 et_pb_row et_pb_row_nested et_flex_row\">\n<div class=\"et_pb_column_4 et_pb_column et-last-child et_flex_column et_pb_css_mix_blend_mode_passthrough et_flex_column_24_24\">\n<div class=\"et_pb_row_5 et_pb_row et_pb_row_nested et_flex_row\">\n<div class=\"et_pb_column_5 et_pb_column et-last-child et_flex_column et_pb_css_mix_blend_mode_passthrough et_flex_column_24_24\">\n<div class=\"et_pb_contact_form_0 et_pb_contact_form_container clearfix et_pb_module et_flex_module\" data-form_unique_num=\"0\" data-form_unique_id=\"14c324f4-1ad6-4c47-89dd-b4b33acbfffd\" id=\"et_pb_contact_form_14c324f4-1ad6-4c47-89dd-b4b33acbfffd\"><div class=\"et-pb-contact-message\"><\/div><div class=\"et_pb_contact\"><form class=\"et_pb_contact_form et_flex_module\" method=\"post\" action=\"https:\/\/mardeardora.net\/gl\/wp-json\/wp\/v2\/pages\/1337\">\n<div class=\"et_pb_contact_field_0 et_pb_contact_field et_pb_module et_flex_module et_flex_column_12_24\" data-id=\"nombre\" data-type=\"input\"><label class=\"et_pb_contact_form_label\">Nombre<\/label><input type=\"text\" name=\"et_pb_contact_0_nombre_0\" id=\"et_pb_contact_0_nombre_0\" class=\"input\" data-required_mark=\"required\" data-field_type=\"input\" data-original_id=\"nombre\" placeholder=\"Nombre\" title=\"\" value=\"\" \/><\/div>\n\n<div class=\"et_pb_contact_field_1 et_pb_contact_field et_pb_module et_flex_module et_flex_column_12_24\" data-id=\"email\" data-type=\"email\"><label class=\"et_pb_contact_form_label\">Email<\/label><input type=\"text\" name=\"et_pb_contact_0_email_1\" id=\"et_pb_contact_0_email_1\" class=\"input\" data-required_mark=\"required\" data-field_type=\"email\" data-original_id=\"email\" placeholder=\"Email\" title=\"\" value=\"\" \/><\/div>\n\n<div class=\"et_pb_contact_field_2 et_pb_contact_field et_pb_module et_flex_module et_flex_column_12_24\" data-id=\"numero_participantes\" data-type=\"input\"><label class=\"et_pb_contact_form_label\">N\u00famero de participantes (aprox.)<\/label><input type=\"text\" name=\"et_pb_contact_0_numero_participantes_2\" id=\"et_pb_contact_0_numero_participantes_2\" class=\"input\" data-required_mark=\"required\" data-field_type=\"input\" data-original_id=\"numero_participantes\" placeholder=\"N\u00famero de participantes (aprox.)\" title=\"\" value=\"\" \/><\/div>\n\n<div class=\"et_pb_contact_field_3 et_pb_contact_field et_pb_module et_flex_module et_flex_column_12_24\" data-id=\"nombre_3\" data-type=\"input\"><label class=\"et_pb_contact_form_label\">Fecha aproximada de la actividad<\/label><input type=\"text\" name=\"et_pb_contact_0_nombre_3_3\" id=\"et_pb_contact_0_nombre_3_3\" class=\"input\" data-required_mark=\"required\" data-field_type=\"input\" data-original_id=\"nombre_3\" placeholder=\"Fecha aproximada de la actividad\" title=\"\" value=\"\" \/><\/div>\n\n<div class=\"et_pb_contact_field_4 et_pb_contact_field et_pb_module et_flex_module et_flex_column_12_24\" data-id=\"numero_participantes_2\" data-type=\"select\"><label class=\"et_pb_contact_form_label\">Tipo de Experiencia<\/label><select name=\"et_pb_contact_0_numero_participantes_2_4\" id=\"et_pb_contact_0_numero_participantes_2_4\" class=\"et_pb_contact_select input\" data-required_mark=\"required\" data-field_type=\"select\" data-original_id=\"numero_participantes_2\"><option value=\"\">Tipo de Experiencia<\/option><option value=\"Vive el Mar de Ardora\" data-id=\"\">Vive el Mar de Ardora<\/option><option value=\"Experiencias Starlight\" data-id=\"\">Experiencias Starlight<\/option><option value=\"Charlas (Centros \/ Eventos)\" data-id=\"\">Charlas (Centros \/ Eventos)<\/option><option value=\"Experiencias personalizadas\" data-id=\"\">Experiencias personalizadas<\/option><option value=\"Otra consulta\" data-id=\"\">Otra consulta<\/option><\/select><\/div>\n\n<div class=\"et_pb_contact_field_5 et_pb_contact_field et_pb_module et_flex_module et_flex_column_12_24\" data-id=\"numero_participantes_2_2\" data-type=\"select\" data-conditional-logic=\"[[&quot;numero_participantes_2&quot;,&quot;contains&quot;,&quot;Vive el Mar de Ardora&quot;]]\" data-conditional-relation=\"all\"><label class=\"et_pb_contact_form_label\" data-et-mv-hidden-widescreen=\"true\">Modalidad<\/label><select name=\"et_pb_contact_0_numero_participantes_2_2_5\" id=\"et_pb_contact_0_numero_participantes_2_2_5\" class=\"et_pb_contact_select input\" data-required_mark=\"required\" data-field_type=\"select\" data-original_id=\"numero_participantes_2_2\"><option value=\"\">Modalidad<\/option><option value=\"Desde costa\" data-id=\"\">Desde costa<\/option><option value=\"Navega sobre el mar de ardora (premium)\" data-id=\"\">Navega sobre el mar de ardora (premium)<\/option><\/select><\/div>\n\n<div class=\"et_pb_contact_field_6 et_pb_contact_field et_pb_module et_flex_module et_flex_column_12_24\" data-id=\"numero_participantes_2_2_3\" data-type=\"select\" data-conditional-logic=\"[[&quot;numero_participantes_2&quot;,&quot;contains&quot;,&quot;Experiencias Starlight&quot;]]\" data-conditional-relation=\"all\"><label class=\"et_pb_contact_form_label\" data-et-mv-hidden-widescreen=\"true\">Modalidad<\/label><select name=\"et_pb_contact_0_numero_participantes_2_2_3_6\" id=\"et_pb_contact_0_numero_participantes_2_2_3_6\" class=\"et_pb_contact_select input\" data-required_mark=\"required\" data-field_type=\"select\" data-original_id=\"numero_participantes_2_2_3\"><option value=\"\">Modalidad<\/option><option value=\"Observaci\u00f3n + explicaci\u00f3n\" data-id=\"\">Observaci\u00f3n + explicaci\u00f3n<\/option><option value=\"Observaci\u00f3n de V\u00eda L\u00e1ctea\" data-id=\"\">Observaci\u00f3n de V\u00eda L\u00e1ctea<\/option><option value=\"Iniciaci\u00f3n a astrofotograf\u00eda de paisaje (premium)\" data-id=\"\">Iniciaci\u00f3n a astrofotograf\u00eda de paisaje (premium)<\/option><option value=\"Astrofotograf\u00eda de paisaje avanzado (premium)\" data-id=\"\">Astrofotograf\u00eda de paisaje avanzado (premium)<\/option><\/select><\/div>\n\n<div class=\"et_pb_contact_field_7 et_pb_contact_field et_pb_module et_flex_module et_flex_column_12_24\" data-id=\"numero_participantes_2_2_2\" data-type=\"select\" data-conditional-logic=\"[[&quot;numero_participantes_2&quot;,&quot;contains&quot;,&quot;Charlas (Centros \\\/ Eventos)&quot;]]\" data-conditional-relation=\"all\"><label class=\"et_pb_contact_form_label\" data-et-mv-hidden-widescreen=\"true\">Modalidad<\/label><select name=\"et_pb_contact_0_numero_participantes_2_2_2_7\" id=\"et_pb_contact_0_numero_participantes_2_2_2_7\" class=\"et_pb_contact_select input\" data-required_mark=\"required\" data-field_type=\"select\" data-original_id=\"numero_participantes_2_2_2\"><option value=\"\">Modalidad<\/option><option value=\"Mar de Ardora\" data-id=\"\">Mar de Ardora<\/option><option value=\"Iniciaci\u00f3n al cielo nocturno\" data-id=\"\">Iniciaci\u00f3n al cielo nocturno<\/option><option value=\"Astrofotograf\u00eda de paisaje\" data-id=\"\">Astrofotograf\u00eda de paisaje<\/option><option value=\"El sol y las auroras boreales\" data-id=\"\">El sol y las auroras boreales<\/option><option value=\"Charla personalizada\" data-id=\"\">Charla personalizada<\/option><\/select><\/div>\n\n<div class=\"et_pb_contact_field_8 et_pb_contact_field et_pb_module et_flex_module et_flex_column_12_24\" data-id=\"numero_participantes_2_2_2_2\" data-type=\"select\" data-conditional-logic=\"[[&quot;numero_participantes_2&quot;,&quot;contains&quot;,&quot;Experiencias personalizadas&quot;]]\" data-conditional-relation=\"all\"><label class=\"et_pb_contact_form_label\" data-et-mv-hidden-widescreen=\"true\">Modalidad<\/label><select name=\"et_pb_contact_0_numero_participantes_2_2_2_2_8\" id=\"et_pb_contact_0_numero_participantes_2_2_2_2_8\" class=\"et_pb_contact_select input\" data-required_mark=\"required\" data-field_type=\"select\" data-original_id=\"numero_participantes_2_2_2_2\"><option value=\"\">Modalidad<\/option><option value=\"A medida\" data-id=\"\">A medida<\/option><\/select><\/div>\n\n<div class=\"et_pb_contact_field_9 et_pb_contact_field et_pb_module et_flex_module et_flex_column_24_24\" data-id=\"message\" data-type=\"text\"><label class=\"et_pb_contact_form_label\">Mensaje<\/label><textarea name=\"et_pb_contact_0_message_9\" id=\"et_pb_contact_0_message_9\" class=\"et_pb_contact_message input\" data-required_mark=\"required\" data-field_type=\"text\" data-original_id=\"message\" placeholder=\"Mensaje\"><\/textarea><\/div>\n<input type=\"hidden\" name=\"et_pb_contactform_submit_14c324f4-1ad6-4c47-89dd-b4b33acbfffd\" value=\"et_contact_proccess\" \/><div class=\"et_contact_bottom_container\"><div class=\"et_pb_contact_right et_pb_contact_field\"><p class=\"clearfix\"><span class=\"et_pb_contact_captcha_question\">5 + 4<\/span> = <input type=\"text\" size=\"2\" class=\"input et_pb_contact_captcha\" data-first_digit=\"5\" data-second_digit=\"4\" data-required_mark=\"required\" name=\"et_pb_contact_captcha_14c324f4-1ad6-4c47-89dd-b4b33acbfffd\" autocomplete=\"off\" \/><\/p><\/div><div class=\"et_pb_button_wrapper\"><button type=\"submit\" name=\"et_builder_submit_button\" class=\"et_pb_button et_pb_contact_submit\">Enviar solicitud<\/button><\/div><\/div><input type=\"hidden\" id=\"_wpnonce-et-pb-contact-form-submitted-14c324f4-1ad6-4c47-89dd-b4b33acbfffd\" name=\"_wpnonce-et-pb-contact-form-submitted-14c324f4-1ad6-4c47-89dd-b4b33acbfffd\" value=\"197ad5ad35\" \/><input type=\"hidden\" name=\"_wp_http_referer\" value=\"\/gl\/wp-json\/wp\/v2\/pages\/1337\" \/><\/form><\/div><\/div>\n<\/div>\n<\/div>\n<\/div>\n<\/div>\n<\/div>\n<\/div>\n<\/div>\n<\/div>\n<\/div>\n\n<div class=\"et_pb_section_3 et_pb_section et_section_regular et_flex_section preset--module--divi-section--default\">\n<div class=\"et_pb_row_6 et_pb_row et_flex_row\">\n<div class=\"et_pb_column_6 et_pb_column et-last-child et_flex_column et_pb_css_mix_blend_mode_passthrough et_flex_column_24_24\">\n<div class=\"et_pb_text_2 et_pb_text et_pb_bg_layout_light et_pb_module et_flex_module\"><div class=\"et_pb_text_inner\"><h6 data-start=\"2577\" data-end=\"2770\" style=\"text-align: center;\"><span style=\"color: #ffffff;\"><strong>Los datos enviados a trav\u00e9s del formulario ser\u00e1n utilizados \u00fanicamente para responder a la consulta realizada.<\/strong><\/span><br data-start=\"2687\" data-end=\"2690\" \/><span style=\"color: #ffffff;\"><strong>No se ceder\u00e1n a terceros ni se utilizar\u00e1n con fines comerciales no relacionados.<\/strong><\/span><\/h6>\n<\/div><\/div>\n<\/div>\n<\/div>\n<\/div>","protected":false},"excerpt":{"rendered":"","protected":false},"author":1,"featured_media":0,"parent":0,"menu_order":0,"comment_status":"closed","ping_status":"closed","template":"","meta":{"footnotes":""},"class_list":["post-1337","page","type-page","status-publish","hentry"],"_hostinger_reach_plugin_has_subscription_block":false,"_hostinger_reach_plugin_is_elementor":false,"_links":{"self":[{"href":"https:\/\/mardeardora.net\/gl\/wp-json\/wp\/v2\/pages\/1337","targetHints":{"allow":["GET"]}}],"collection":[{"href":"https:\/\/mardeardora.net\/gl\/wp-json\/wp\/v2\/pages"}],"about":[{"href":"https:\/\/mardeardora.net\/gl\/wp-json\/wp\/v2\/types\/page"}],"author":[{"embeddable":true,"href":"https:\/\/mardeardora.net\/gl\/wp-json\/wp\/v2\/users\/1"}],"replies":[{"embeddable":true,"href":"https:\/\/mardeardora.net\/gl\/wp-json\/wp\/v2\/comments?post=1337"}],"version-history":[{"count":7,"href":"https:\/\/mardeardora.net\/gl\/wp-json\/wp\/v2\/pages\/1337\/revisions"}],"predecessor-version":[{"id":1346,"href":"https:\/\/mardeardora.net\/gl\/wp-json\/wp\/v2\/pages\/1337\/revisions\/1346"}],"wp:attachment":[{"href":"https:\/\/mardeardora.net\/gl\/wp-json\/wp\/v2\/media?parent=1337"}],"curies":[{"name":"wp","href":"https:\/\/api.w.org\/{rel}","templated":true}]}}