{"id":1517,"date":"2026-04-17T16:57:04","date_gmt":"2026-04-17T15:57:04","guid":{"rendered":"https:\/\/mardeardora.net\/?page_id=1517"},"modified":"2026-04-17T17:23:04","modified_gmt":"2026-04-17T16:23:04","slug":"sobre-drewkorme","status":"publish","type":"page","link":"https:\/\/mardeardora.net\/gl\/sobre-drewkorme\/","title":{"rendered":"SOBRE MIN"},"content":{"rendered":"<div class=\"et_pb_section_0 et_pb_section et_section_regular et_flex_section preset--module--divi-section--default\">\n<div class=\"et_pb_row_0 et_pb_row et_flex_row\">\n<div class=\"et_pb_column_0 et_pb_column et-last-child et_flex_column et_pb_css_mix_blend_mode_passthrough et_flex_column_24_24\">\n<div class=\"et_pb_text_0 et_pb_text et_pb_bg_layout_light et_pb_module et_flex_module\"><div class=\"et_pb_text_inner\"><h1 style=\"text-align: center;\"><span style=\"color: #ffffff;\"><strong>SOBRE MIN<\/strong><\/span><\/h1>\n<\/div><\/div>\n<\/div>\n<\/div>\n<\/div>\n\n<div class=\"et_pb_section_1 et_pb_section et_section_regular et_flex_section preset--module--divi-section--default\">\n<div class=\"et_pb_row_1 et_pb_row et_flex_row\">\n<div class=\"et_pb_column_1 et_pb_column et-last-child et_flex_column et_pb_css_mix_blend_mode_passthrough et_flex_column_24_24\">\n<div class=\"et_pb_text_1 et_pb_text et_pb_bg_layout_light et_pb_module et_flex_module\"><div class=\"et_pb_text_inner\"><div class=\"relative w-full mt-4 mb-1\">\n<div class=\"\">\n<div class=\"relative\">\n<div class=\"h-full min-h-0 min-w-0\">\n<div class=\"h-full min-h-0 min-w-0\">\n<div class=\"border border-token-border-light border-radius-3xl corner-superellipse\/1.1 rounded-3xl\">\n<div class=\"h-full w-full border-radius-3xl bg-token-bg-elevated-secondary corner-superellipse\/1.1 overflow-clip rounded-3xl lxnfua_clipPathFallback\">\n<div class=\"relative\">\n<div class=\"pe-11 pt-3\">\n<div class=\"relative z-0 flex max-w-full\">\n<div id=\"code-block-viewer\" dir=\"ltr\" class=\"q9tKkq_viewer cm-editor z-10 light:cm-light dark:cm-light flex h-full w-full flex-col items-stretch \u037ck \u037cy\">\n<div class=\"cm-scroller\">\n<div class=\"cm-content q9tKkq_readonly\" style=\"text-align: center;\"><span style=\"color: #ffffff;\">Detr\u00e1s de Drew Korme est\u00e1 Andr\u00e9s Garc\u00eda.<\/span><\/p>\n<p><span style=\"color: #ffffff;\">Y detr\u00e1s de todo esto, hay algo mucho m\u00e1s simple: una persona que decidi\u00f3 no mirar el mar como siempre\u2026 y empezar a buscar lo que otros no ve\u00edan.<\/span><\/div>\n<\/div>\n<\/div>\n<\/div>\n<\/div>\n<\/div>\n<\/div>\n<\/div>\n<\/div>\n<\/div>\n<\/div>\n<\/div>\n<\/div>\n<\/div><\/div>\n<\/div>\n<\/div>\n<\/div>\n\n<div class=\"et_pb_section_2 et_pb_section et_section_regular et_flex_section preset--module--divi-section--default\">\n<div class=\"et_pb_row_2 et_pb_row et_flex_row\">\n<div class=\"et_pb_column_2 et_pb_column et-last-child et_flex_column et_pb_css_mix_blend_mode_passthrough et_flex_column_24_24\">\n<div class=\"et_pb_text_2 et_pb_text et_pb_bg_layout_light et_pb_module et_flex_module\"><div class=\"et_pb_text_inner\"><p style=\"text-align: center;\"><span style=\"color: #ffffff;\">Su relaci\u00f3n con el mundo audiovisual comienza en 2017, cuando adquiere su primera c\u00e1mara con la intenci\u00f3n de dar un paso m\u00e1s en la astrofotograf\u00eda, una disciplina que hasta ese momento exploraba de forma m\u00e1s limitada.<\/span><\/p>\n<p style=\"text-align: center;\"><span style=\"color: #ffffff;\">A partir de ah\u00ed, empieza a construir un lenguaje propio basado en la observaci\u00f3n, la paciencia y la b\u00fasqueda constante de momentos reales.<\/span><\/p>\n<p style=\"text-align: center;\"><span style=\"color: #ffffff;\">Lo que en un inicio era una v\u00eda de escape, acaba evolucionando hasta convertirse, a\u00f1os m\u00e1s tarde, en una salida profesional.<\/span><\/p>\n<p style=\"text-align: center;\"><span style=\"color: #ffffff;\">No es hasta 2021 cuando da el paso al \u00e1mbito profesional dentro de la fotograf\u00eda y el v\u00eddeo, desarrollando trabajos en diferentes \u00e1reas como fotograf\u00eda de interiores, eventos, contenido para instituciones y producci\u00f3n audiovisual.<\/span><\/p>\n<p style=\"text-align: center;\"><span style=\"color: #ffffff;\">Paralelamente, desarrolla su carrera como DJ desde los 16 a\u00f1os, una faceta que forma parte esencial de su vida y que, al igual que el resto de disciplinas, nace desde la pasi\u00f3n antes que desde cualquier planteamiento profesional.<\/span><\/p>\n<\/div><\/div>\n<\/div>\n<\/div>\n<\/div>\n\n<div class=\"et_pb_section_3 et_pb_section et_section_regular et_flex_section preset--module--divi-section--default\">\n<div class=\"et_pb_row_3 et_pb_row et_flex_row\">\n<div class=\"et_pb_column_3 et_pb_column et-last-child et_flex_column et_pb_css_mix_blend_mode_passthrough et_flex_column_24_24\">\n<div class=\"et_pb_text_3 et_pb_text et_pb_bg_layout_light et_pb_module et_flex_module\"><div class=\"et_pb_text_inner\"><p style=\"text-align: center;\"><span style=\"color: #ffffff;\">Pero hay una parte de todo esto que no responde a lo profesional, ni a lo econ\u00f3mico, ni a lo l\u00f3gico.<\/span><\/p>\n<p style=\"text-align: center;\"><span style=\"color: #ffffff;\">El mar de ardora.<\/span><\/p>\n<p style=\"text-align: center;\"><span style=\"color: #ffffff;\">Desde 2018, una parte fundamental de su trabajo est\u00e1 centrada en la documentaci\u00f3n de este fen\u00f3meno en las costas de Galicia, desarrollando uno de los seguimientos m\u00e1s constantes y extensos que existen actualmente en Espa\u00f1a.<\/span><\/p>\n<p style=\"text-align: center;\"><span style=\"color: #ffffff;\">No se trata de momentos aislados.<\/span><\/p>\n<p style=\"text-align: center;\"><span style=\"color: #ffffff;\">Se trata de un proceso continuo, construido a lo largo de a\u00f1os de observaci\u00f3n, experiencia y constancia.<\/span><\/p>\n<\/div><\/div>\n<\/div>\n<\/div>\n<\/div>\n\n<div class=\"et_pb_section_4 et_pb_section et_section_regular et_flex_section preset--module--divi-section--default\">\n<div class=\"et_pb_row_4 et_pb_row et_flex_row\">\n<div class=\"et_pb_column_4 et_pb_column et-last-child et_flex_column et_pb_css_mix_blend_mode_passthrough et_flex_column_24_24\">\n<div class=\"et_pb_text_4 et_pb_text et_pb_bg_layout_light et_pb_module et_flex_module\"><div class=\"et_pb_text_inner\"><p style=\"text-align: center;\"><span style=\"color: #ffffff;\">Buscar el mar de ardora no consiste en llegar a una playa y esperar a que ocurra.<\/span><\/p>\n<p style=\"text-align: center;\"><span style=\"color: #ffffff;\">La mayor\u00eda de las veces implica exactamente lo contrario.<\/span><\/p>\n<p style=\"text-align: center;\"><span style=\"color: #ffffff;\">Noches sin resultados. <\/span><br \/><span style=\"color: #ffffff;\">Kil\u00f3metros recorridos sin una sola se\u00f1al. <\/span><br \/><span style=\"color: #ffffff;\">Salir sin saber si va a pasar algo\u2026 y asumir que lo m\u00e1s probable es que no pase nada.<\/span><\/p>\n<p style=\"text-align: center;\"><span style=\"color: #ffffff;\">Especialmente al inicio de temporada, cuando no existen referencias claras, todo se basa en la intuici\u00f3n, en la observaci\u00f3n del mar y en la experiencia acumulada.<\/span><\/p>\n<p style=\"text-align: center;\"><span style=\"color: #ffffff;\">Y aun as\u00ed, el margen de error sigue siendo enorme.<\/span><\/p>\n<p style=\"text-align: center;\"><span style=\"color: #ffffff;\">Pero cuando aparece, todo cambia.<\/span><\/p>\n<\/div><\/div>\n<\/div>\n<\/div>\n<\/div>\n\n<div class=\"et_pb_section_5 et_pb_section et_section_regular et_flex_section preset--module--divi-section--default\">\n<div class=\"et_pb_row_5 et_pb_row et_flex_row\">\n<div class=\"et_pb_column_5 et_pb_column et-last-child et_flex_column et_pb_css_mix_blend_mode_passthrough et_flex_column_24_24\">\n<div class=\"et_pb_text_5 et_pb_text et_pb_bg_layout_light et_pb_module et_flex_module\"><div class=\"et_pb_text_inner\"><p style=\"text-align: center;\"><span style=\"color: #ffffff;\">Porque hay algo que ninguna imagen puede explicar del todo.<\/span><\/p>\n<p style=\"text-align: center;\"><span style=\"color: #ffffff;\">La sensaci\u00f3n de estar dentro del agua y ver c\u00f3mo cada movimiento ilumina el mar.<\/span><\/p>\n<p style=\"text-align: center;\"><span style=\"color: #ffffff;\">La adrenalina. <\/span><br \/><span style=\"color: #ffffff;\">El silencio. <\/span><br \/><span style=\"color: #ffffff;\">El momento en el que entiendes que est\u00e1s viendo algo completamente fuera de lo com\u00fan.<\/span><\/p>\n<p style=\"text-align: center;\"><span style=\"color: #ffffff;\">No es solo verlo.<\/span><\/p>\n<p style=\"text-align: center;\"><span style=\"color: #ffffff;\">Es vivirlo.<\/span><\/p>\n<\/div><\/div>\n<\/div>\n<\/div>\n<\/div>\n\n<div class=\"et_pb_section_6 et_pb_section et_section_regular et_flex_section preset--module--divi-section--default\">\n<div class=\"et_pb_row_6 et_pb_row et_flex_row\">\n<div class=\"et_pb_column_6 et_pb_column et-last-child et_flex_column et_pb_css_mix_blend_mode_passthrough et_flex_column_24_24\">\n<div class=\"et_pb_text_6 et_pb_text et_pb_bg_layout_light et_pb_module et_flex_module\"><div class=\"et_pb_text_inner\"><p style=\"text-align: center;\"><span style=\"color: #ffffff;\">Con el paso del tiempo, todo este proceso ha dado lugar a una de las documentaciones m\u00e1s completas del mar de ardora en nuestras costas.<\/span><\/p>\n<p style=\"text-align: center;\"><span style=\"color: #ffffff;\">Un trabajo construido desde la experiencia real, sin reconstrucciones, sin depender de terceros y lejos de lo inmediato.<\/span><\/p>\n<p style=\"text-align: center;\"><span style=\"color: #ffffff;\">No nace de una tendencia reciente, sino de a\u00f1os de trabajo constante sobre el terreno.<\/span><\/p>\n<\/div><\/div>\n<\/div>\n<\/div>\n<\/div>\n\n<div class=\"et_pb_section_7 et_pb_section et_section_regular et_flex_section preset--module--divi-section--default\">\n<div class=\"et_pb_row_7 et_pb_row et_flex_row\">\n<div class=\"et_pb_column_7 et_pb_column et-last-child et_flex_column et_pb_css_mix_blend_mode_passthrough et_flex_column_24_24\">\n<div class=\"et_pb_text_7 et_pb_text et_pb_bg_layout_light et_pb_module et_flex_module\"><div class=\"et_pb_text_inner\"><p style=\"text-align: center;\"><span style=\"color: #ffffff;\">Pero si algo define este proyecto, no es la cantidad de material.<\/span><\/p>\n<p style=\"text-align: center;\"><span style=\"color: #ffffff;\">Es la forma de compartirlo.<\/span><\/p>\n<p style=\"text-align: center;\"><span style=\"color: #ffffff;\">Durante mucho tiempo, la informaci\u00f3n sobre el mar de ardora ha estado en manos de muy pocas personas.<\/span><\/p>\n<p style=\"text-align: center;\"><span style=\"color: #ffffff;\">Aqu\u00ed el enfoque es completamente distinto:<\/span><\/p>\n<p style=\"text-align: center;\"><span style=\"color: #ffffff;\">Hacerlo accesible.<\/span><\/p>\n<p style=\"text-align: center;\"><span style=\"color: #ffffff;\">Porque el mar de ardora no pertenece a nadie.<\/span><\/p>\n<p style=\"text-align: center;\"><span style=\"color: #ffffff;\">Y entenderlo no deber\u00eda ser un privilegio.<\/span><\/p>\n<\/div><\/div>\n<\/div>\n<\/div>\n<\/div>\n\n<div class=\"et_pb_section_8 et_pb_section et_section_regular et_flex_section preset--module--divi-section--default\">\n<div class=\"et_pb_row_8 et_pb_row et_flex_row\">\n<div class=\"et_pb_column_8 et_pb_column et-last-child et_flex_column et_pb_css_mix_blend_mode_passthrough et_flex_column_24_24\">\n<div class=\"et_pb_text_8 et_pb_text et_pb_bg_layout_light et_pb_module et_flex_module\"><div class=\"et_pb_text_inner\"><p style=\"text-align: center;\"><span style=\"color: #ffffff;\">A partir de esa idea nace la comunidad.<\/span><\/p>\n<p style=\"text-align: center;\"><span style=\"color: #ffffff;\">Un espacio abierto donde cualquier persona puede aportar, avisar y participar en la b\u00fasqueda del fen\u00f3meno.<\/span><\/p>\n<p style=\"text-align: center;\"><span style=\"color: #ffffff;\">Sin depender de unos pocos. <\/span><br \/><span style=\"color: #ffffff;\">Sin exclusividad.<\/span><\/p>\n<p style=\"text-align: center;\"><span style=\"color: #ffffff;\">Lo que empez\u00f3 como una prueba termin\u00f3 creciendo mucho m\u00e1s de lo esperado, reuniendo a cientos de personas en cuesti\u00f3n de d\u00edas.<\/span><\/p>\n<p style=\"text-align: center;\"><span style=\"color: #ffffff;\">Hoy, es uno de los pilares fundamentales del proyecto.<\/span><\/p>\n<\/div><\/div>\n<\/div>\n<\/div>\n<\/div>\n\n<div class=\"et_pb_section_9 et_pb_section et_section_regular et_flex_section preset--module--divi-section--default\">\n<div class=\"et_pb_row_9 et_pb_row et_flex_row\">\n<div class=\"et_pb_column_9 et_pb_column et-last-child et_flex_column et_pb_css_mix_blend_mode_passthrough et_flex_column_24_24\">\n<div class=\"et_pb_text_9 et_pb_text et_pb_bg_layout_light et_pb_module et_flex_module\"><div class=\"et_pb_text_inner\"><p style=\"text-align: center;\"><span style=\"color: #ffffff;\">El mar de ardora no aparece porque se comparta.<\/span><\/p>\n<p style=\"text-align: center;\"><span style=\"color: #ffffff;\">Es un fen\u00f3meno natural que ocurre independientemente de qui\u00e9n lo observe.<\/span><\/p>\n<p style=\"text-align: center;\"><span style=\"color: #ffffff;\">Ocultarlo no lo protege.<\/span><\/p>\n<p style=\"text-align: center;\"><span style=\"color: #ffffff;\">Lo que realmente lo protege es el respeto, la educaci\u00f3n y la concienciaci\u00f3n.<\/span><\/p>\n<\/div><\/div>\n<\/div>\n<\/div>\n<\/div>\n\n<div class=\"et_pb_section_10 et_pb_section et_section_regular et_flex_section preset--module--divi-section--default\">\n<div class=\"et_pb_row_10 et_pb_row et_flex_row\">\n<div class=\"et_pb_column_10 et_pb_column et-last-child et_flex_column et_pb_css_mix_blend_mode_passthrough et_flex_column_24_24\">\n<div class=\"et_pb_text_10 et_pb_text et_pb_bg_layout_light et_pb_module et_flex_module\"><div class=\"et_pb_text_inner\"><p style=\"text-align: center;\"><span style=\"color: #ffffff;\">El objetivo es seguir construyendo una comunidad s\u00f3lida en torno a la bioluminiscencia marina, convirti\u00e9ndose en un punto de referencia a nivel nacional e internacional.<\/span><\/p>\n<p style=\"text-align: center;\"><span style=\"color: #ffffff;\">Al mismo tiempo, el proyecto evoluciona hacia nuevas formas de acercarlo a la gente:<\/span><\/p>\n<p style=\"text-align: center;\"><span style=\"color: #ffffff;\">Experiencias. <\/span><br \/><span style=\"color: #ffffff;\">Creaci\u00f3n de contenido. <\/span><br \/><span style=\"color: #ffffff;\">Asesoramiento. <\/span><br \/><span style=\"color: #ffffff;\">Divulgaci\u00f3n.<\/span><\/p>\n<p style=\"text-align: center;\"><span style=\"color: #ffffff;\">Siempre con una idea clara:<\/span><\/p>\n<p style=\"text-align: center;\"><span style=\"color: #ffffff;\">Que verlo no sea complicado.<\/span><\/p>\n<p style=\"text-align: center;\"><span style=\"color: #ffffff;\">Y que vivirlo sea posible.<\/span><\/p>\n<\/div><\/div>\n<\/div>\n<\/div>\n<\/div>\n\n<div class=\"et_pb_section_11 et_pb_section et_section_regular et_flex_section preset--module--divi-section--default\">\n<div class=\"et_pb_row_11 et_pb_row et_flex_row\">\n<div class=\"et_pb_column_11 et_pb_column et-last-child et_flex_column et_pb_css_mix_blend_mode_passthrough et_flex_column_24_24\">\n<div class=\"et_pb_text_11 et_pb_text et_pb_bg_layout_light et_pb_module et_flex_module\"><div class=\"et_pb_text_inner\"><p style=\"text-align: center;\"><span style=\"color: #ffffff;\">M\u00e1s all\u00e1 de la imagen, el objetivo es simple:<\/span><\/p>\n<p style=\"text-align: center;\"><span style=\"color: #ffffff;\">Hacer que m\u00e1s personas puedan vivir una de las experiencias m\u00e1s impresionantes que existen en nuestras costas.<\/span><\/p>\n<p style=\"text-align: center;\"><span style=\"color: #ffffff;\">Porque hay cosas que no se explican.<\/span><\/p>\n<p style=\"text-align: center;\"><span style=\"color: #ffffff;\">Se viven.<\/span><\/p>\n<\/div><\/div>\n<\/div>\n<\/div>\n<\/div>\n\n<div class=\"et_pb_section_12 et_pb_section et_section_regular et_flex_section preset--module--divi-section--default\">\n<div class=\"et_pb_row_12 et_pb_row et_flex_row\">\n<div class=\"et_pb_column_12 et_pb_column et-last-child et_flex_column et_pb_css_mix_blend_mode_passthrough et_flex_column_24_24\">\n<div class=\"et_pb_text_12 et_pb_text et_pb_bg_layout_light et_pb_module et_flex_module\"><div class=\"et_pb_text_inner\"><h5 style=\"text-align: center;\"><strong><span style=\"color: #ffffff;\">Si quieres vivir el mar de ardora en primera persona o formar parte de la comunidad, este es el punto de partida.<\/span><\/strong><\/h5>\n<\/div><\/div>\n<\/div>\n<\/div>\n<\/div>\n\n<div class=\"et_pb_section_13 et_pb_section et_section_regular et_flex_section preset--module--divi-section--default\">\n<div class=\"et_pb_row_13 et_pb_row et_flex_row\">\n<div class=\"et_pb_column_13 et_pb_column et_flex_column et_pb_css_mix_blend_mode_passthrough et_flex_column_6_24 et_flex_column_12_24_tablet et_flex_column_24_24_phone et_flex_column_24_24_phoneWide et_flex_column_12_24_tabletWide\">\n<div class=\"et_pb_module et_pb_button_module_wrapper et_pb_button_0_wrapper\"><a class=\"et_pb_button_0 et_pb_button et_pb_bg_layout_light et_pb_module et_flex_module\" href=\"https:\/\/mardeardora.net\/gl\/comunidad\/\">\u00danete a la comunidad<\/a><\/div>\n<\/div>\n\n<div class=\"et_pb_column_14 et_pb_column et_flex_column et_pb_css_mix_blend_mode_passthrough et_flex_column_6_24 et_flex_column_12_24_tablet et_flex_column_24_24_phone et_flex_column_24_24_phoneWide et_flex_column_12_24_tabletWide\">\n<div class=\"et_pb_module et_pb_button_module_wrapper et_pb_button_1_wrapper\"><a class=\"et_pb_button_1 et_pb_button et_pb_bg_layout_light et_pb_module et_flex_module\" href=\"https:\/\/mardeardora.net\/gl\/experiencias\/\">Vive una experiencia<\/a><\/div>\n<\/div>\n\n<div class=\"et_pb_column_15 et_pb_column et_flex_column et_pb_css_mix_blend_mode_passthrough et_flex_column_6_24 et_flex_column_12_24_tablet et_flex_column_24_24_phone et_flex_column_24_24_phoneWide et_flex_column_12_24_tabletWide\">\n<div class=\"et_pb_module et_pb_button_module_wrapper et_pb_button_2_wrapper\"><a class=\"et_pb_button_2 et_pb_button et_pb_bg_layout_light et_pb_module et_flex_module\" href=\"https:\/\/mardeardora.net\/gl\/contacto\/\">Contactar<\/a><\/div>\n<\/div>\n\n<div class=\"et_pb_column_16 et_pb_column et-last-child et_flex_column et_pb_css_mix_blend_mode_passthrough et_flex_column_6_24 et_flex_column_12_24_tablet et_flex_column_24_24_phone et_flex_column_24_24_phoneWide et_flex_column_12_24_tabletWide\">\n<div class=\"et_pb_module et_pb_button_module_wrapper et_pb_button_3_wrapper\"><a class=\"et_pb_button_3 et_pb_button et_pb_bg_layout_light et_pb_module et_flex_module\" href=\"http:\/\/mardeardora.net\/gl\/\">P\u00e1xina principal<\/a><\/div>\n<\/div>\n<\/div>\n<\/div>","protected":false},"excerpt":{"rendered":"","protected":false},"author":1,"featured_media":0,"parent":0,"menu_order":0,"comment_status":"closed","ping_status":"closed","template":"","meta":{"footnotes":""},"class_list":["post-1517","page","type-page","status-publish","hentry"],"_hostinger_reach_plugin_has_subscription_block":false,"_hostinger_reach_plugin_is_elementor":false,"_links":{"self":[{"href":"https:\/\/mardeardora.net\/gl\/wp-json\/wp\/v2\/pages\/1517","targetHints":{"allow":["GET"]}}],"collection":[{"href":"https:\/\/mardeardora.net\/gl\/wp-json\/wp\/v2\/pages"}],"about":[{"href":"https:\/\/mardeardora.net\/gl\/wp-json\/wp\/v2\/types\/page"}],"author":[{"embeddable":true,"href":"https:\/\/mardeardora.net\/gl\/wp-json\/wp\/v2\/users\/1"}],"replies":[{"embeddable":true,"href":"https:\/\/mardeardora.net\/gl\/wp-json\/wp\/v2\/comments?post=1517"}],"version-history":[{"count":6,"href":"https:\/\/mardeardora.net\/gl\/wp-json\/wp\/v2\/pages\/1517\/revisions"}],"predecessor-version":[{"id":1523,"href":"https:\/\/mardeardora.net\/gl\/wp-json\/wp\/v2\/pages\/1517\/revisions\/1523"}],"wp:attachment":[{"href":"https:\/\/mardeardora.net\/gl\/wp-json\/wp\/v2\/media?parent=1517"}],"curies":[{"name":"wp","href":"https:\/\/api.w.org\/{rel}","templated":true}]}}