{"id":188,"date":"2026-03-24T02:32:41","date_gmt":"2026-03-24T01:32:41","guid":{"rendered":"https:\/\/mardeardora.net\/?page_id=188"},"modified":"2026-03-24T03:23:43","modified_gmt":"2026-03-24T02:23:43","slug":"politica-de-privacidad","status":"publish","type":"page","link":"https:\/\/mardeardora.net\/gl\/politica-de-privacidad\/","title":{"rendered":"Pol\u00edtica de privacidade"},"content":{"rendered":"<div class=\"et_pb_section_0 et_pb_section et_section_regular et_block_section preset--module--divi-section--default\">\n<div class=\"et_pb_row_0 et_pb_row et_flex_row\">\n<div class=\"et_pb_column_0 et_pb_column et-last-child et_flex_column et_pb_css_mix_blend_mode_passthrough et_flex_column_24_24\">\n<div class=\"et_pb_text_0 et_pb_text et_pb_bg_layout_light et_pb_module et_flex_module\"><div class=\"et_pb_text_inner\"><p style=\"text-align: center;\"><span style=\"font-size: xx-large;\"><strong><span style=\"color: #ffffff;\">POL\u00cdTICA DE PRIVACIDAD<\/span><\/strong><\/span><\/p>\n<\/div><\/div>\n<\/div>\n<\/div>\n<\/div>\n\n<div class=\"et_pb_section_1 et_pb_section et_section_regular et_block_section preset--module--divi-section--default\">\n<div class=\"et_pb_row_1 et_pb_row et_flex_row\">\n<div class=\"et_pb_column_1 et_pb_column et-last-child et_flex_column et_pb_css_mix_blend_mode_passthrough et_flex_column_24_24\">\n<div class=\"et_pb_text_1 et_pb_text et_pb_bg_layout_light et_pb_module et_flex_module\"><div class=\"et_pb_text_inner\"><p>&nbsp;<\/p>\n<p><span style=\"color: #ffffff;\"><strong>1. Responsable del tratamiento<\/strong><\/span><br \/><span style=\"color: #ffffff;\">Titular: DrewKorme &#8211; Andr\u00e9s Garc\u00eda Facal<\/span><br \/><span style=\"color: #ffffff;\">Sitio web: <a href=\"https:\/\/mardeardora.net\/gl\/\" style=\"color: #ffffff;\">https:\/\/mardeardora.net<\/a><\/span><br \/><span style=\"color: #ffffff;\">Email de contacto: <a href=\"mailto:info@mardeardora.net\" style=\"color: #ffffff;\">info@mardeardora.net<\/a><\/span><\/p>\n<hr \/>\n<p><span style=\"color: #ffffff;\"><strong>2. Finalidad del tratamiento de los datos<\/strong><\/span><br \/><span style=\"color: #ffffff;\">En esta web se recogen datos personales con las siguientes finalidades:<\/span><\/p>\n<ul>\n<li>\n<p><span style=\"color: #ffffff;\">Responder a consultas realizadas a trav\u00e9s de formularios o contacto directo.<\/span><\/p>\n<\/li>\n<li>\n<p><span style=\"color: #ffffff;\">Gestionar los servicios ofrecidos en la web.<\/span><\/p>\n<\/li>\n<li>\n<p><span style=\"color: #ffffff;\">Mejorar la experiencia del usuario en la navegaci\u00f3n.<\/span><\/p>\n<\/li>\n<\/ul>\n<hr \/>\n<p><span style=\"color: #ffffff;\"><strong>3. Legitimaci\u00f3n<\/strong><\/span><br \/><span style=\"color: #ffffff;\">La base legal para el tratamiento de tus datos es el consentimiento del usuario al contactar o interactuar con esta web.<\/span><\/p>\n<hr \/>\n<p><span style=\"color: #ffffff;\"><strong>4. Destinatarios<\/strong><\/span><br \/><span style=\"color: #ffffff;\">No se ceder\u00e1n datos a terceros, salvo obligaci\u00f3n legal.<\/span><br \/><span style=\"color: #ffffff;\">No se realizan transferencias internacionales de datos.<\/span><\/p>\n<hr \/>\n<p><span style=\"color: #ffffff;\"><strong>5. Conservaci\u00f3n de los datos<\/strong><\/span><br \/><span style=\"color: #ffffff;\">Los datos se conservar\u00e1n \u00fanicamente durante el tiempo necesario para cumplir con la finalidad para la que fueron recogidos o mientras exista una obligaci\u00f3n legal.<\/span><\/p>\n<hr \/>\n<p><span style=\"color: #ffffff;\"><strong>6. Derechos del usuario<\/strong><\/span><br \/><span style=\"color: #ffffff;\">Tienes derecho a:<\/span><\/p>\n<ul>\n<li>\n<p><span style=\"color: #ffffff;\">Acceder a tus datos personales<\/span><\/p>\n<\/li>\n<li>\n<p><span style=\"color: #ffffff;\">Rectificarlos<\/span><\/p>\n<\/li>\n<li>\n<p><span style=\"color: #ffffff;\">Solicitar su eliminaci\u00f3n<\/span><\/p>\n<\/li>\n<li>\n<p><span style=\"color: #ffffff;\">Limitar su tratamiento<\/span><\/p>\n<\/li>\n<li>\n<p><span style=\"color: #ffffff;\">Oponerte al tratamiento<\/span><\/p>\n<\/li>\n<\/ul>\n<p><span style=\"color: #ffffff;\">Puedes ejercer estos derechos enviando un email a: <a href=\"mailto:info@mardeardora.net\" style=\"color: #ffffff;\">info@mardeardora.net<\/a><\/span><\/p>\n<hr \/>\n<p><span style=\"color: #ffffff;\"><strong>7. Seguridad de los datos<\/strong><\/span><br \/><span style=\"color: #ffffff;\">Se adoptan las medidas necesarias para garantizar la seguridad, integridad y confidencialidad de los datos personales.<\/span><\/p>\n<hr \/>\n<p><span style=\"color: #ffffff;\"><strong>8. Cookies<\/strong><\/span><br \/><span style=\"color: #ffffff;\">Este sitio web utiliza cookies propias y de terceros para mejorar la experiencia del usuario.<\/span><\/p>\n<p><span style=\"color: #ffffff;\">Para m\u00e1s informaci\u00f3n, consulta nuestra <strong>Pol\u00edtica de Cookies<\/strong>.<\/span><\/p>\n<hr \/>\n<p><span style=\"color: #ffffff;\"><strong>9. Modificaciones<\/strong><\/span><br \/><span style=\"color: #ffffff;\">Esta pol\u00edtica puede ser modificada para adaptarse a cambios legislativos o t\u00e9cnicos.<\/span><\/p>\n<\/div><\/div>\n<\/div>\n<\/div>\n<\/div>","protected":false},"excerpt":{"rendered":"","protected":false},"author":1,"featured_media":0,"parent":0,"menu_order":0,"comment_status":"closed","ping_status":"closed","template":"","meta":{"footnotes":""},"class_list":["post-188","page","type-page","status-publish","hentry"],"_hostinger_reach_plugin_has_subscription_block":false,"_hostinger_reach_plugin_is_elementor":false,"_links":{"self":[{"href":"https:\/\/mardeardora.net\/gl\/wp-json\/wp\/v2\/pages\/188","targetHints":{"allow":["GET"]}}],"collection":[{"href":"https:\/\/mardeardora.net\/gl\/wp-json\/wp\/v2\/pages"}],"about":[{"href":"https:\/\/mardeardora.net\/gl\/wp-json\/wp\/v2\/types\/page"}],"author":[{"embeddable":true,"href":"https:\/\/mardeardora.net\/gl\/wp-json\/wp\/v2\/users\/1"}],"replies":[{"embeddable":true,"href":"https:\/\/mardeardora.net\/gl\/wp-json\/wp\/v2\/comments?post=188"}],"version-history":[{"count":3,"href":"https:\/\/mardeardora.net\/gl\/wp-json\/wp\/v2\/pages\/188\/revisions"}],"predecessor-version":[{"id":1041,"href":"https:\/\/mardeardora.net\/gl\/wp-json\/wp\/v2\/pages\/188\/revisions\/1041"}],"wp:attachment":[{"href":"https:\/\/mardeardora.net\/gl\/wp-json\/wp\/v2\/media?parent=188"}],"curies":[{"name":"wp","href":"https:\/\/api.w.org\/{rel}","templated":true}]}}