{"id":29,"date":"2026-01-09T05:52:17","date_gmt":"2026-01-09T05:52:17","guid":{"rendered":"https:\/\/forestgreen-newt-364998.hostingersite.com\/?page_id=29"},"modified":"2026-03-25T01:44:19","modified_gmt":"2026-03-25T00:44:19","slug":"mar-de-ardora","status":"publish","type":"page","link":"https:\/\/mardeardora.net\/gl\/","title":{"rendered":"MAR DE ARDORA"},"content":{"rendered":"<div class=\"et_pb_section_0 et_pb_section et_section_regular et_block_section et-pb-has-background-video et_pb_preload preset--module--divi-section--default\"><span class=\"et-pb-background-video\"><video autoplay loop playsinline muted><source type=\"video\/mp4\" src=\"https:\/\/mardeardora.net\/wp-content\/uploads\/2026\/01\/55.mov\" \/><\/video><\/span>\n<div class=\"et_pb_row_0 et_pb_row et_flex_row\">\n<div class=\"et_pb_column_0 et_pb_column et-last-child et_flex_column et_pb_css_mix_blend_mode_passthrough et_flex_column_24_24 et_flex_column_24_24_tablet et_flex_column_24_24_phone et_flex_column_24_24_phoneWide et_flex_column_24_24_tabletWide\">\n<div class=\"et_pb_text_0 et_pb_text et_pb_bg_layout_light et_pb_module et_flex_module\"><div class=\"et_pb_text_inner\"><div id=\"ez-toc-container\" class=\"ez-toc-v2_0_82_2 ez-toc-wrap-center counter-flat ez-toc-counter ez-toc-custom ez-toc-container-direction\">\n<div class=\"ez-toc-title-container\">\n<label class=\"ez-toc-title\" style=\"cursor:inherit\"><\/label>\n<span class=\"ez-toc-title-toggle\"><\/span><\/div>\n<nav><ul class='ez-toc-list ez-toc-list-level-1 ez-toc-columns-4' ><li class='ez-toc-page-1'><a class=\"ez-toc-link ez-toc-heading-1\" href=\"https:\/\/mardeardora.net\/gl\/#MAR_DE_ARDORA\" >MAR DE ARDORA<\/a><\/li><\/ul><\/nav><\/div>\n<h2><span class=\"ez-toc-section\" id=\"MAR_DE_ARDORA\"><\/span><span style=\"font-size: xx-large; color: #0c71c3;\">MAR DE ARDORA<\/span><span class=\"ez-toc-section-end\"><\/span><\/h2>\n<\/div><\/div>\n<\/div>\n<\/div>\n\n<div class=\"et_pb_row_1 et_pb_row et_flex_row\">\n<div class=\"et_pb_column_1 et_pb_column et-last-child et_flex_column et_pb_css_mix_blend_mode_passthrough et_flex_column_24_24\">\n<div class=\"et_pb_image_0 et_pb_image et_pb_module et_flex_module\"><span class=\"et_pb_image_wrap\"><img decoding=\"async\" src=\"https:\/\/mardeardora.net\/wp-content\/uploads\/2026\/01\/DREWKORME-FOTO-LOGO-BLANCO.png\" title=\"DREWKORME FOTO LOGO BLANCO\" width=\"561\" height=\"86\" srcset=\"https:\/\/mardeardora.net\/wp-content\/uploads\/2026\/01\/DREWKORME-FOTO-LOGO-BLANCO.png 561w, https:\/\/mardeardora.net\/wp-content\/uploads\/2026\/01\/DREWKORME-FOTO-LOGO-BLANCO-480x74.png 480w\" sizes=\"(min-width: 0px) and (max-width: 480px) 480px, (min-width: 481px) 561px, 100vw\" class=\"wp-image-179\" \/><\/span><\/div>\n<\/div>\n<\/div>\n\n<div class=\"et_pb_row_2 et_pb_row et_flex_row\">\n<div class=\"et_pb_column_2 et_pb_column et-last-child et_flex_column et_pb_css_mix_blend_mode_passthrough et_flex_column_24_24\">\n<div class=\"et_pb_text_1 et_pb_text et_pb_bg_layout_light et_pb_module et_flex_module\"><div class=\"et_pb_text_inner\"><p style=\"text-align: center;\">A bioluminiscencia do mar na costa de Galicia<\/p>\n<p style=\"text-align: center;\"><span style=\"font-size: medium;\">Descubre o Mar de Ardora en Galicia: qu\u00e9 \u00e9, cando aparece e c\u00f3mo velo. Gu\u00eda completa con informaci\u00f3n real e experiencias \u00fanicas na Costa da Morte.\u00a0<\/span><\/p>\n<\/div><\/div>\n<\/div>\n<\/div>\n<\/div>\n\n<div class=\"et_pb_section_1 et_pb_section et_section_regular et_block_section et-pb-has-background-video et_pb_preload preset--module--divi-section--default\"><span class=\"et-pb-background-video\"><video autoplay loop playsinline muted><source type=\"video\/mp4\" src=\"https:\/\/mardeardora.net\/wp-content\/uploads\/2026\/01\/55.mov\" \/><\/video><\/span>\n<div class=\"et_pb_row_3 et_pb_row et_flex_row\">\n<div class=\"et_pb_column_3 et_pb_column et-last-child et_flex_column et_pb_css_mix_blend_mode_passthrough et_flex_column_24_24 et_flex_column_24_24_tablet et_flex_column_24_24_phone et_flex_column_24_24_phoneWide et_flex_column_24_24_tabletWide\">\n<div class=\"et_pb_text_2 et_pb_text et_pb_bg_layout_light et_pb_module et_flex_module\"><div class=\"et_pb_text_inner\"><h1><span style=\"font-size: xx-large; color: #0c71c3;\">MAR DE ARDORA<\/span><\/h1>\n<\/div><\/div>\n<\/div>\n<\/div>\n\n<div class=\"et_pb_row_4 et_pb_row et_flex_row\">\n<div class=\"et_pb_column_4 et_pb_column et-last-child et_flex_column et_pb_css_mix_blend_mode_passthrough et_flex_column_24_24\">\n<div class=\"et_pb_image_1 et_pb_image et_pb_module et_flex_module\"><span class=\"et_pb_image_wrap\"><img decoding=\"async\" src=\"https:\/\/mardeardora.net\/wp-content\/uploads\/2026\/01\/DREWKORME-FOTO-LOGO-BLANCO.png\" title=\"DREWKORME FOTO LOGO BLANCO\" width=\"561\" height=\"86\" srcset=\"https:\/\/mardeardora.net\/wp-content\/uploads\/2026\/01\/DREWKORME-FOTO-LOGO-BLANCO.png 561w, https:\/\/mardeardora.net\/wp-content\/uploads\/2026\/01\/DREWKORME-FOTO-LOGO-BLANCO-480x74.png 480w\" sizes=\"(min-width: 0px) and (max-width: 480px) 480px, (min-width: 481px) 561px, 100vw\" class=\"wp-image-179\" \/><\/span><\/div>\n<\/div>\n<\/div>\n\n<div class=\"et_pb_row_5 et_pb_row et_flex_row\">\n<div class=\"et_pb_column_5 et_pb_column et-last-child et_flex_column et_pb_css_mix_blend_mode_passthrough et_flex_column_24_24\">\n<div class=\"et_pb_text_3 et_pb_text et_pb_bg_layout_light et_pb_module et_flex_module\"><div class=\"et_pb_text_inner\"><p style=\"text-align: center;\">A bioluminiscencia do mar na costa de Galicia<\/p>\n<p style=\"text-align: center;\"><span style=\"font-size: medium;\">Descubre o Mar de Ardora en Galicia: qu\u00e9 \u00e9, cando aparece e c\u00f3mo velo. Gu\u00eda completa con informaci\u00f3n real e experiencias \u00fanicas na Costa da Morte.\u00a0<\/span><\/p>\n<\/div><\/div>\n<\/div>\n<\/div>\n<\/div>\n\n<div class=\"et_pb_section_2 et_pb_section et_section_regular et_block_section et-pb-has-background-video et_pb_preload preset--module--divi-section--default\"><span class=\"et-pb-background-video\"><video autoplay loop playsinline muted><source type=\"video\/mp4\" src=\"https:\/\/mardeardora.net\/wp-content\/uploads\/2026\/01\/66.mov\" \/><\/video><\/span>\n<div class=\"et_pb_row_6 et_pb_row et_flex_row\">\n<div class=\"et_pb_column_6 et_pb_column et-last-child et_flex_column et_pb_css_mix_blend_mode_passthrough et_flex_column_24_24 et_flex_column_24_24_tablet et_flex_column_24_24_phone et_flex_column_24_24_phoneWide et_flex_column_24_24_tabletWide\">\n<div class=\"et_pb_text_4 et_pb_text et_pb_bg_layout_light et_pb_module et_flex_module\"><div class=\"et_pb_text_inner\" data-et-mv-hidden-phone=\"true\"><p><span style=\"font-size: xx-large; color: #0c71c3;\">MAR DE ARDORA<\/span><\/p>\n<\/div><\/div>\n<\/div>\n<\/div>\n\n<div class=\"et_pb_row_7 et_pb_row et_flex_row\">\n<div class=\"et_pb_column_7 et_pb_column et-last-child et_flex_column et_pb_css_mix_blend_mode_passthrough et_flex_column_24_24\">\n<div class=\"et_pb_image_2 et_pb_image et_pb_module et_flex_module\"><span class=\"et_pb_image_wrap\"><img decoding=\"async\" src=\"https:\/\/mardeardora.net\/wp-content\/uploads\/2026\/01\/DREWKORME-FOTO-LOGO-BLANCO.png\" title=\"DREWKORME FOTO LOGO BLANCO\" width=\"561\" height=\"86\" srcset=\"https:\/\/mardeardora.net\/wp-content\/uploads\/2026\/01\/DREWKORME-FOTO-LOGO-BLANCO.png 561w, https:\/\/mardeardora.net\/wp-content\/uploads\/2026\/01\/DREWKORME-FOTO-LOGO-BLANCO-480x74.png 480w\" sizes=\"(min-width: 0px) and (max-width: 480px) 480px, (min-width: 481px) 561px, 100vw\" class=\"wp-image-179\" \/><\/span><\/div>\n<\/div>\n<\/div>\n\n<div class=\"et_pb_row_8 et_pb_row et_flex_row\">\n<div class=\"et_pb_column_8 et_pb_column et-last-child et_flex_column et_pb_css_mix_blend_mode_passthrough et_flex_column_24_24\">\n<div class=\"et_pb_text_5 et_pb_text et_pb_bg_layout_light et_pb_module et_flex_module\"><div class=\"et_pb_text_inner\"><p style=\"text-align: center;\">A bioluminiscencia do mar na costa de Galicia<\/p>\n<p style=\"text-align: center;\"><span style=\"font-size: medium;\">Descubre o Mar de Ardora en Galicia: qu\u00e9 \u00e9, cando aparece e c\u00f3mo velo. Gu\u00eda completa con informaci\u00f3n real e experiencias \u00fanicas na Costa da Morte.\u00a0<\/span><\/p>\n<\/div><\/div>\n<\/div>\n<\/div>\n<\/div>","protected":false},"excerpt":{"rendered":"","protected":false},"author":1,"featured_media":0,"parent":0,"menu_order":1,"comment_status":"closed","ping_status":"closed","template":"","meta":{"footnotes":""},"class_list":["post-29","page","type-page","status-publish","hentry"],"_hostinger_reach_plugin_has_subscription_block":false,"_hostinger_reach_plugin_is_elementor":false,"_links":{"self":[{"href":"https:\/\/mardeardora.net\/gl\/wp-json\/wp\/v2\/pages\/29","targetHints":{"allow":["GET"]}}],"collection":[{"href":"https:\/\/mardeardora.net\/gl\/wp-json\/wp\/v2\/pages"}],"about":[{"href":"https:\/\/mardeardora.net\/gl\/wp-json\/wp\/v2\/types\/page"}],"author":[{"embeddable":true,"href":"https:\/\/mardeardora.net\/gl\/wp-json\/wp\/v2\/users\/1"}],"replies":[{"embeddable":true,"href":"https:\/\/mardeardora.net\/gl\/wp-json\/wp\/v2\/comments?post=29"}],"version-history":[{"count":52,"href":"https:\/\/mardeardora.net\/gl\/wp-json\/wp\/v2\/pages\/29\/revisions"}],"predecessor-version":[{"id":1118,"href":"https:\/\/mardeardora.net\/gl\/wp-json\/wp\/v2\/pages\/29\/revisions\/1118"}],"wp:attachment":[{"href":"https:\/\/mardeardora.net\/gl\/wp-json\/wp\/v2\/media?parent=29"}],"curies":[{"name":"wp","href":"https:\/\/api.w.org\/{rel}","templated":true}]}}