{"id":702,"date":"2026-01-26T22:07:49","date_gmt":"2026-01-26T21:07:49","guid":{"rendered":"https:\/\/mardeardora.net\/?page_id=702"},"modified":"2026-03-24T19:10:25","modified_gmt":"2026-03-24T18:10:25","slug":"viajes-fotograficos","status":"publish","type":"page","link":"https:\/\/mardeardora.net\/gl\/experiencias\/viajes-fotograficos\/","title":{"rendered":"VIAJES FOTOGR\u00c1FICOS"},"content":{"rendered":"<div class=\"et_pb_section_0 et_pb_section et_section_regular et_flex_section preset--module--divi-section--default\">\n<div class=\"et_pb_row_0 et_pb_row et_flex_row\">\n<div class=\"et_pb_column_0 et_pb_column et-last-child et_flex_column et_pb_css_mix_blend_mode_passthrough et_flex_column_24_24\">\n<div class=\"et_pb_text_0 et_pb_text et_pb_bg_layout_light et_pb_module et_flex_module\"><div class=\"et_pb_text_inner\" data-et-mv-hidden-ultrawide=\"true\" data-et-mv-hidden-widescreen=\"true\"><p><span style=\"font-size: xx-large;\"><strong>VIAJES FOTOGR\u00c1FICOS<\/strong><\/span><\/p>\n<p><strong>(en construcci\u00f3n)<\/strong><\/p>\n<p style=\"text-align: center;\"><span style=\"font-size: medium;\">Estamos preparando workshops fotogr\u00e1ficos en destino (Tenerife, La Palma, Islandia\u2026) centrados en astronom\u00eda y astrofotograf\u00eda.<\/span><br data-start=\"1572\" data-end=\"1575\" \/><span style=\"font-size: medium;\">El servicio ofrecido es exclusivamente formativo: planificaci\u00f3n fotogr\u00e1fica, localizaciones y acompa\u00f1amiento en campo.<\/span><br data-start=\"1693\" data-end=\"1696\" \/><span style=\"font-size: medium;\">Transporte, alojamiento y reservas se gestionan por cada participante de forma independiente (o directamente con proveedores externos).<\/span><br data-start=\"1831\" data-end=\"1834\" \/><span style=\"font-size: medium;\">Pr\u00f3ximamente m\u00e1s informaci\u00f3n.<\/span><\/p>\n<\/div><\/div>\n<\/div>\n<\/div>\n<\/div>\n\n<div class=\"et_pb_section_1 et_pb_section et_section_regular et_flex_section preset--module--divi-section--default\">\n<div class=\"et_pb_row_1 et_pb_row et_flex_row\">\n<div class=\"et_pb_column_1 et_pb_column et-last-child et_flex_column et_pb_css_mix_blend_mode_passthrough et_flex_column_24_24\">\n<div class=\"et_pb_image_0 et_pb_image et_pb_module et_flex_module\"><span class=\"et_pb_image_wrap\"><img decoding=\"async\" src=\"https:\/\/mardeardora.net\/wp-content\/uploads\/2026\/03\/via-lactea-roques-de-garcia-teide-tenerife-canarias-drewkorme.jpg\" alt=\"Arco de la V\u00eda L\u00e1ctea sobre los Roques de Garc\u00eda en el Teide, Tenerife, con fot\u00f3grafo iluminando la escena en una composici\u00f3n de astrofotograf\u00eda nocturna\" title=\"via-lactea-roques-de-garcia-teide-tenerife-canarias-drewkorme\" width=\"1177\" height=\"727\" srcset=\"https:\/\/mardeardora.net\/wp-content\/uploads\/2026\/03\/via-lactea-roques-de-garcia-teide-tenerife-canarias-drewkorme.jpg 1177w, https:\/\/mardeardora.net\/wp-content\/uploads\/2026\/03\/via-lactea-roques-de-garcia-teide-tenerife-canarias-drewkorme-980x605.jpg 980w, https:\/\/mardeardora.net\/wp-content\/uploads\/2026\/03\/via-lactea-roques-de-garcia-teide-tenerife-canarias-drewkorme-480x296.jpg 480w\" sizes=\"(min-width: 0px) and (max-width: 480px) 480px, (min-width: 481px) and (max-width: 980px) 980px, (min-width: 981px) 1177px, 100vw\" class=\"wp-image-1063\" \/><\/span><\/div>\n<\/div>\n<\/div>\n<\/div>","protected":false},"excerpt":{"rendered":"","protected":false},"author":1,"featured_media":0,"parent":73,"menu_order":4,"comment_status":"closed","ping_status":"closed","template":"","meta":{"footnotes":""},"class_list":["post-702","page","type-page","status-publish","hentry"],"_hostinger_reach_plugin_has_subscription_block":false,"_hostinger_reach_plugin_is_elementor":false,"_links":{"self":[{"href":"https:\/\/mardeardora.net\/gl\/wp-json\/wp\/v2\/pages\/702","targetHints":{"allow":["GET"]}}],"collection":[{"href":"https:\/\/mardeardora.net\/gl\/wp-json\/wp\/v2\/pages"}],"about":[{"href":"https:\/\/mardeardora.net\/gl\/wp-json\/wp\/v2\/types\/page"}],"author":[{"embeddable":true,"href":"https:\/\/mardeardora.net\/gl\/wp-json\/wp\/v2\/users\/1"}],"replies":[{"embeddable":true,"href":"https:\/\/mardeardora.net\/gl\/wp-json\/wp\/v2\/comments?post=702"}],"version-history":[{"count":43,"href":"https:\/\/mardeardora.net\/gl\/wp-json\/wp\/v2\/pages\/702\/revisions"}],"predecessor-version":[{"id":1077,"href":"https:\/\/mardeardora.net\/gl\/wp-json\/wp\/v2\/pages\/702\/revisions\/1077"}],"up":[{"embeddable":true,"href":"https:\/\/mardeardora.net\/gl\/wp-json\/wp\/v2\/pages\/73"}],"wp:attachment":[{"href":"https:\/\/mardeardora.net\/gl\/wp-json\/wp\/v2\/media?parent=702"}],"curies":[{"name":"wp","href":"https:\/\/api.w.org\/{rel}","templated":true}]}}