{"id":73,"date":"2026-01-12T00:28:23","date_gmt":"2026-01-11T23:28:23","guid":{"rendered":"https:\/\/forestgreen-newt-364998.hostingersite.com\/?page_id=73"},"modified":"2026-03-24T18:22:08","modified_gmt":"2026-03-24T17:22:08","slug":"experiencias","status":"publish","type":"page","link":"https:\/\/mardeardora.net\/gl\/experiencias\/","title":{"rendered":"EXPERIENCIAS"},"content":{"rendered":"<div class=\"et_pb_section_0 et_pb_section et_section_regular et_flex_section preset--module--divi-section--default\">\n<div class=\"et_pb_row_0 et_pb_row et_flex_row\">\n<div class=\"et_pb_column_0 et_pb_column et-last-child et_flex_column et_pb_css_mix_blend_mode_passthrough et_flex_column_24_24\">\n<div class=\"et_pb_text_0 et_pb_text et_pb_bg_layout_light et_pb_module et_flex_module\"><div class=\"et_pb_text_inner\"><p>EXPERIENCIAS<\/p>\n<p data-start=\"738\" data-end=\"1047\">Estas experiencias nacen de la observaci\u00f3n directa de la naturaleza y del conocimiento del territorio.<\/p>\n<p data-start=\"738\" data-end=\"1047\">\n<p data-start=\"738\" data-end=\"1047\">Algunas se ofrecen en <strong>Packs cerrados<\/strong> (claros, simples y sin complicaciones) y otras como <strong data-start=\"957\" data-end=\"994\">propuestas<\/strong><\/p>\n<p data-start=\"738\" data-end=\"1047\"><strong data-start=\"957\" data-end=\"994\" style=\"font-size: 22px; letter-spacing: 0px;\">personalizadas premium<\/strong><span style=\"font-size: 22px; letter-spacing: 0px;\">, adaptadas al grupo, al momento y a las condiciones.<\/span><\/p>\n<p data-start=\"1049\" data-end=\"1188\"><strong data-start=\"1049\" data-end=\"1188\"><\/strong><\/p>\n<p data-start=\"1049\" data-end=\"1188\"><strong data-start=\"1049\" data-end=\"1188\">Mar, cielo y ciencia se combinan aqu\u00ed para ofrecer vivencias aut\u00e9nticas, donde comprender lo que <\/strong><\/p>\n<p data-start=\"1049\" data-end=\"1188\"><strong data-start=\"1049\" data-end=\"1188\">ocurre es tan importante como vivirlo.<\/strong><\/p>\n<\/div><\/div>\n<\/div>\n<\/div>\n\n<div class=\"et_pb_row_1 et_pb_row et_flex_row\">\n<div class=\"et_pb_column_1 et_pb_column et-last-child et_flex_column et_pb_css_mix_blend_mode_passthrough et_flex_column_24_24\">\n<div class=\"et_pb_text_1 et_pb_text et_pb_bg_layout_light et_pb_module et_flex_module\"><div class=\"et_pb_text_inner\"><p><strong data-start=\"477\" data-end=\"544\">Haz clic en cada imagen para descubrir todos los detalles de cada experiencia.<\/strong><br data-start=\"544\" data-end=\"547\" \/>Elige una modalidad disponible o cu\u00e9ntame tu idea para una propuesta personalizada.<\/p>\n<\/div><\/div>\n<\/div>\n<\/div>\n<\/div>\n\n<div class=\"et_pb_section_1 et_pb_section et_section_regular et_flex_section preset--module--divi-section--default\">\n<div class=\"et_pb_row_2 et_pb_row et_flex_row\">\n<div class=\"et_pb_column_2 et_pb_column et_flex_column et_pb_css_mix_blend_mode_passthrough et_flex_column_1_5 et_flex_column_12_24_tablet et_flex_column_24_24_phone et_flex_column_24_24_phoneWide et_flex_column_12_24_tabletWide\">\n<div class=\"et_pb_blurb_0 et_pb_blurb et_pb_bg_layout_light et_pb_text_align_center et_pb_blurb_position_top et_pb_module et_flex_module\"><div class=\"et_pb_blurb_content et_flex_module\"><div class=\"et_pb_main_blurb_image\"><a href=\"https:\/\/mardeardora.net\/gl\/experiencias\/vive-el-mar-de-ardora\/\"><span class=\"et_pb_image_wrap et_pb_only_image_mode_wrap\"><img decoding=\"async\" src=\"https:\/\/mardeardora.net\/wp-content\/uploads\/2026\/03\/mar-de-ardora-carnota-costa-da-morte-galicia-drewkorme-2.jpg\" alt=\"Fot\u00f3grafa captando el mar de ardora desde el agua en la playa de Carnota, Galicia, con bioluminiscencia azul iluminando el mar bajo el cielo estrellado\" width=\"1138\" height=\"760\" srcset=\"https:\/\/mardeardora.net\/wp-content\/uploads\/2026\/03\/mar-de-ardora-carnota-costa-da-morte-galicia-drewkorme-2.jpg 1138w, https:\/\/mardeardora.net\/wp-content\/uploads\/2026\/03\/mar-de-ardora-carnota-costa-da-morte-galicia-drewkorme-2-980x654.jpg 980w, https:\/\/mardeardora.net\/wp-content\/uploads\/2026\/03\/mar-de-ardora-carnota-costa-da-morte-galicia-drewkorme-2-480x321.jpg 480w\" sizes=\"(min-width: 0px) and (max-width: 480px) 480px, (min-width: 481px) and (max-width: 980px) 980px, (min-width: 981px) 1138px, 100vw\" class=\"et-waypoint et_pb_animation_top et_pb_animation_top_tablet et_pb_animation_top_phone wp-image-1060\" title=\"mar-de-ardora-carnota-costa-da-morte-galicia-drewkorme-2\" \/><\/span><\/a><\/div><div class=\"et_pb_blurb_container\"><h4 class=\"et_pb_module_header\"><a href=\"https:\/\/mardeardora.net\/gl\/experiencias\/vive-el-mar-de-ardora\/\">Vive el Mar de Ardora<\/a><\/h4><div class=\"et_pb_blurb_description\"><p>Una experiencia nocturna guiada para vivir el fen\u00f3meno desde la costa <strong data-start=\"415\" data-end=\"432\">(Pack B\u00e1sico)<\/strong> o en formato <strong data-start=\"446\" data-end=\"457\">Premium<\/strong> seg\u00fan condiciones (embarcaci\u00f3n \/ ruta por localizaciones). Explicaci\u00f3n clara y acompa\u00f1amiento durante toda la actividad.<\/p>\n<p><strong>\ud83d\udc49Packs cerrados<\/strong><\/p>\n<p><strong>\ud83d\udc49Grupos reducidos <\/strong><\/p>\n<p><strong>\ud83d\udc49Basico m\u00e1s opci\u00f3n Premium\u00a0<\/strong><\/p>\n<\/div><\/div><\/div><\/div>\n<\/div>\n\n<div class=\"et_pb_column_3 et_pb_column et_flex_column et_pb_css_mix_blend_mode_passthrough et_flex_column_1_5 et_flex_column_12_24_tablet et_flex_column_24_24_phone et_flex_column_24_24_phoneWide et_flex_column_12_24_tabletWide\">\n<div class=\"et_pb_blurb_1 et_pb_blurb et_pb_bg_layout_light et_pb_text_align_center et_pb_blurb_position_top et_pb_module et_flex_module\"><div class=\"et_pb_blurb_content et_flex_module\"><div class=\"et_pb_main_blurb_image\"><a href=\"https:\/\/mardeardora.net\/gl\/experiencias\/starlight\/\"><span class=\"et_pb_image_wrap et_pb_only_image_mode_wrap\"><img decoding=\"async\" src=\"https:\/\/mardeardora.net\/wp-content\/uploads\/2026\/03\/via-lactea-faro-larino-carnota-costa-da-morte-galicia-drewkorme.jpg\" alt=\"Arco de la V\u00eda L\u00e1ctea sobre el faro de Lari\u00f1o reflejado en una poza de marea baja en Carnota, Costa da Morte, Galicia\" width=\"1139\" height=\"760\" srcset=\"https:\/\/mardeardora.net\/wp-content\/uploads\/2026\/03\/via-lactea-faro-larino-carnota-costa-da-morte-galicia-drewkorme.jpg 1139w, https:\/\/mardeardora.net\/wp-content\/uploads\/2026\/03\/via-lactea-faro-larino-carnota-costa-da-morte-galicia-drewkorme-980x654.jpg 980w, https:\/\/mardeardora.net\/wp-content\/uploads\/2026\/03\/via-lactea-faro-larino-carnota-costa-da-morte-galicia-drewkorme-480x320.jpg 480w\" sizes=\"(min-width: 0px) and (max-width: 480px) 480px, (min-width: 481px) and (max-width: 980px) 980px, (min-width: 981px) 1139px, 100vw\" class=\"et-waypoint et_pb_animation_top et_pb_animation_top_tablet et_pb_animation_top_phone wp-image-1061\" title=\"via-lactea-faro-lari\u00f1o-carnota-costa-da-morte-galicia-drewkorme\" \/><\/span><\/a><\/div><div class=\"et_pb_blurb_container\"><h4 class=\"et_pb_module_header\"><a href=\"https:\/\/mardeardora.net\/gl\/experiencias\/starlight\/\">Experiencias Starlight<\/a><\/h4><div class=\"et_pb_blurb_description\"><p>Observaci\u00f3n del cielo nocturno y astrofotograf\u00eda en uno de los territorios con menor contaminaci\u00f3n lum\u00ednica de Galicia.<\/p>\n<p><strong>\ud83d\udc49Packs cerrados<\/strong><\/p>\n<p><strong>\ud83d\udc49Cielo oscuro<\/strong><\/p>\n<p><strong>\ud83d\udc49Monitor Starlight certificado\u00a0<\/strong><\/p>\n<p><strong>\ud83d\udc49Ideal para aprender y disfrutar\u00a0<\/strong><\/p>\n<\/div><\/div><\/div><\/div>\n<\/div>\n\n<div class=\"et_pb_column_4 et_pb_column et_flex_column et_pb_css_mix_blend_mode_passthrough et_flex_column_1_5 et_flex_column_12_24_tablet et_flex_column_24_24_phone et_flex_column_24_24_phoneWide et_flex_column_12_24_tabletWide\">\n<div class=\"et_pb_blurb_2 et_pb_blurb et_pb_bg_layout_light et_pb_text_align_center et_pb_blurb_position_top et_pb_module et_flex_module\"><div class=\"et_pb_blurb_content et_flex_module\"><div class=\"et_pb_main_blurb_image\"><a href=\"https:\/\/mardeardora.net\/gl\/experiencias\/charlas-y-divulgacion\/\"><span class=\"et_pb_image_wrap et_pb_only_image_mode_wrap\"><img decoding=\"async\" src=\"https:\/\/mardeardora.net\/wp-content\/uploads\/2026\/03\/charla-mar-de-ardora-corme-ponteceso-costa-da-morte-galicia-drewkorme.jpg\" alt=\"Charla sobre el mar de ardora en la cofrad\u00eda de pescadores de Corme, Costa da Morte, Galicia, con asistentes durante una presentaci\u00f3n divulgativa\" width=\"1157\" height=\"760\" srcset=\"https:\/\/mardeardora.net\/wp-content\/uploads\/2026\/03\/charla-mar-de-ardora-corme-ponteceso-costa-da-morte-galicia-drewkorme.jpg 1157w, https:\/\/mardeardora.net\/wp-content\/uploads\/2026\/03\/charla-mar-de-ardora-corme-ponteceso-costa-da-morte-galicia-drewkorme-980x644.jpg 980w, https:\/\/mardeardora.net\/wp-content\/uploads\/2026\/03\/charla-mar-de-ardora-corme-ponteceso-costa-da-morte-galicia-drewkorme-480x315.jpg 480w\" sizes=\"(min-width: 0px) and (max-width: 480px) 480px, (min-width: 481px) and (max-width: 980px) 980px, (min-width: 981px) 1157px, 100vw\" class=\"et-waypoint et_pb_animation_top et_pb_animation_top_tablet et_pb_animation_top_phone wp-image-1062\" title=\"charla-mar-de-ardora-corme-ponteceso-costa-da-morte-galicia-drewkorme\" \/><\/span><\/a><\/div><div class=\"et_pb_blurb_container\"><h4 class=\"et_pb_module_header\"><a href=\"https:\/\/mardeardora.net\/gl\/experiencias\/charlas-y-divulgacion\/\">Charlas y divulgaci\u00f3n<\/a><\/h4><div class=\"et_pb_blurb_description\"><p>Divulgaci\u00f3n cient\u00edfica y visual sobre el mar de ardora, la astronom\u00eda y la relaci\u00f3n entre ciencia, territorio y cultura. Adaptaci\u00f3n al p\u00fablico y objetivo del evento.<\/p>\n<p>\ud83d\udc49 <strong data-start=\"1086\" data-end=\"1123\">Centros educativos y asociaciones<\/strong><\/p>\n<p>\ud83d\udc49 <strong data-start=\"1129\" data-end=\"1163\">Contenido adaptado y did\u00e1ctico<\/strong><\/p>\n<p><strong>\ud83d\udc49Monitor Starlight certificado\u00a0<\/strong><\/p>\n<\/div><\/div><\/div><\/div>\n<\/div>\n\n<div class=\"et_pb_column_5 et_pb_column et_flex_column et_pb_css_mix_blend_mode_passthrough et_flex_column_1_5 et_flex_column_12_24_tablet et_flex_column_24_24_phone et_flex_column_24_24_phoneWide et_flex_column_12_24_tabletWide\">\n<div class=\"et_pb_blurb_3 et_pb_blurb et_pb_bg_layout_light et_pb_text_align_center et_pb_blurb_position_top et_pb_module et_flex_module\"><div class=\"et_pb_blurb_content et_flex_module\"><div class=\"et_pb_main_blurb_image\"><a href=\"https:\/\/mardeardora.net\/gl\/experiencias\/viajes-fotograficos\/\"><span class=\"et_pb_image_wrap et_pb_only_image_mode_wrap\"><img decoding=\"async\" src=\"https:\/\/mardeardora.net\/wp-content\/uploads\/2026\/03\/via-lactea-roques-de-garcia-teide-tenerife-canarias-drewkorme.jpg\" alt=\"Arco de la V\u00eda L\u00e1ctea sobre los Roques de Garc\u00eda en el Teide, Tenerife, con fot\u00f3grafo iluminando la escena en una composici\u00f3n de astrofotograf\u00eda nocturna\" width=\"1177\" height=\"727\" srcset=\"https:\/\/mardeardora.net\/wp-content\/uploads\/2026\/03\/via-lactea-roques-de-garcia-teide-tenerife-canarias-drewkorme.jpg 1177w, https:\/\/mardeardora.net\/wp-content\/uploads\/2026\/03\/via-lactea-roques-de-garcia-teide-tenerife-canarias-drewkorme-980x605.jpg 980w, https:\/\/mardeardora.net\/wp-content\/uploads\/2026\/03\/via-lactea-roques-de-garcia-teide-tenerife-canarias-drewkorme-480x296.jpg 480w\" sizes=\"(min-width: 0px) and (max-width: 480px) 480px, (min-width: 481px) and (max-width: 980px) 980px, (min-width: 981px) 1177px, 100vw\" class=\"et-waypoint et_pb_animation_top et_pb_animation_top_tablet et_pb_animation_top_phone wp-image-1063\" title=\"via-lactea-roques-de-garcia-teide-tenerife-canarias-drewkorme\" \/><\/span><\/a><\/div><div class=\"et_pb_blurb_container\"><h4 class=\"et_pb_module_header\"><a href=\"https:\/\/mardeardora.net\/gl\/experiencias\/viajes-fotograficos\/\">Viajes fotogr\u00e1ficos<\/a><\/h4><div class=\"et_pb_blurb_description\"><p>Workshops pr\u00e1cticos de astrofotograf\u00eda en destinos \u00fanicos para aprender en localizaci\u00f3n real, con planificaci\u00f3n fotogr\u00e1fica y acompa\u00f1amiento en campo.<\/p>\n<p>\ud83d\udc49 <strong data-start=\"1531\" data-end=\"1551\">Plazas limitadas<\/strong><\/p>\n<p>\ud83d\udc49 <strong data-start=\"1557\" data-end=\"1607\">Destinos top (Tenerife, La Palma, Islandia&#8230;)<\/strong><\/p>\n<p>\ud83d\udc49 <strong data-start=\"1613\" data-end=\"1645\">Experiencia premium en grupo<\/strong><\/p>\n<p><strong data-start=\"1613\" data-end=\"1645\">\ud83d\udc49Acompa\u00f1amiento continuo por monitor Starlight certificado\u00a0<\/strong><\/p>\n<\/div><\/div><\/div><\/div>\n<\/div>\n\n<div class=\"et_pb_column_6 et_pb_column et-last-child et_flex_column et_pb_css_mix_blend_mode_passthrough et_flex_column_1_5 et_flex_column_12_24_tablet et_flex_column_24_24_phone et_flex_column_24_24_phoneWide et_flex_column_12_24_tabletWide\">\n<div class=\"et_pb_blurb_4 et_pb_blurb et_pb_bg_layout_light et_pb_text_align_center et_pb_blurb_position_top et_pb_module et_flex_module\"><div class=\"et_pb_blurb_content et_flex_module\"><div class=\"et_pb_main_blurb_image\"><a href=\"https:\/\/mardeardora.net\/gl\/experiencias\/experiencias-personalizadas\/\"><span class=\"et_pb_image_wrap et_pb_only_image_mode_wrap\"><img decoding=\"async\" src=\"https:\/\/mardeardora.net\/wp-content\/uploads\/2026\/03\/mar-de-ardora-area-das-vacas-cabana-de-bergantinos-costa-da-morte-galicia-drewkorme.jpg\" alt=\"Dos personas ba\u00f1\u00e1ndose en el mar de ardora en Area das Vacas, Cabana de Berganti\u00f1os, con olas bioluminiscentes iluminando el agua en la Costa da Morte, Galicia\" width=\"1139\" height=\"760\" srcset=\"https:\/\/mardeardora.net\/wp-content\/uploads\/2026\/03\/mar-de-ardora-area-das-vacas-cabana-de-bergantinos-costa-da-morte-galicia-drewkorme.jpg 1139w, https:\/\/mardeardora.net\/wp-content\/uploads\/2026\/03\/mar-de-ardora-area-das-vacas-cabana-de-bergantinos-costa-da-morte-galicia-drewkorme-980x654.jpg 980w, https:\/\/mardeardora.net\/wp-content\/uploads\/2026\/03\/mar-de-ardora-area-das-vacas-cabana-de-bergantinos-costa-da-morte-galicia-drewkorme-480x320.jpg 480w\" sizes=\"(min-width: 0px) and (max-width: 480px) 480px, (min-width: 481px) and (max-width: 980px) 980px, (min-width: 981px) 1139px, 100vw\" class=\"et-waypoint et_pb_animation_top et_pb_animation_top_tablet et_pb_animation_top_phone wp-image-1064\" title=\"mar-de-ardora-area-das-vacas-cabana-de-berganti\u00f1os-costa-da-morte-galicia-drewkorme\" \/><\/span><\/a><\/div><div class=\"et_pb_blurb_container\"><h4 class=\"et_pb_module_header\"><a href=\"https:\/\/mardeardora.net\/gl\/experiencias\/experiencias-personalizadas\/\">Experiencias personalizadas<\/a><\/h4><div class=\"et_pb_blurb_description\"><p>Propuestas a medida que combinan mar, cielo y conocimiento, adaptadas al contexto, al grupo y al momento.<\/p>\n<p>\ud83d\udc49 <strong data-start=\"1837\" data-end=\"1861\">Dise\u00f1o 100% a medida<\/strong><\/p>\n<p>\ud83d\udc49 <strong data-start=\"1867\" data-end=\"1893\">Mezcla de experiencias<\/strong><\/p>\n<p>\ud83d\udc49 <strong data-start=\"1899\" data-end=\"1928\">Nivel premium y exclusivo<\/strong><\/p>\n<p><strong data-start=\"1899\" data-end=\"1928\">\ud83d\udc49Acompa\u00f1amiento continuo por monitor Starlight certificado\u00a0<\/strong><\/p>\n<\/div><\/div><\/div><\/div>\n<\/div>\n<\/div>\n<\/div>","protected":false},"excerpt":{"rendered":"","protected":false},"author":1,"featured_media":0,"parent":0,"menu_order":3,"comment_status":"closed","ping_status":"closed","template":"","meta":{"footnotes":""},"class_list":["post-73","page","type-page","status-publish","hentry"],"_hostinger_reach_plugin_has_subscription_block":false,"_hostinger_reach_plugin_is_elementor":false,"_links":{"self":[{"href":"https:\/\/mardeardora.net\/gl\/wp-json\/wp\/v2\/pages\/73","targetHints":{"allow":["GET"]}}],"collection":[{"href":"https:\/\/mardeardora.net\/gl\/wp-json\/wp\/v2\/pages"}],"about":[{"href":"https:\/\/mardeardora.net\/gl\/wp-json\/wp\/v2\/types\/page"}],"author":[{"embeddable":true,"href":"https:\/\/mardeardora.net\/gl\/wp-json\/wp\/v2\/users\/1"}],"replies":[{"embeddable":true,"href":"https:\/\/mardeardora.net\/gl\/wp-json\/wp\/v2\/comments?post=73"}],"version-history":[{"count":83,"href":"https:\/\/mardeardora.net\/gl\/wp-json\/wp\/v2\/pages\/73\/revisions"}],"predecessor-version":[{"id":1065,"href":"https:\/\/mardeardora.net\/gl\/wp-json\/wp\/v2\/pages\/73\/revisions\/1065"}],"wp:attachment":[{"href":"https:\/\/mardeardora.net\/gl\/wp-json\/wp\/v2\/media?parent=73"}],"curies":[{"name":"wp","href":"https:\/\/api.w.org\/{rel}","templated":true}]}}